{"id":851,"date":"2023-04-01T00:53:44","date_gmt":"2023-03-31T22:53:44","guid":{"rendered":"https:\/\/raftrek.com\/physical-rating\/"},"modified":"2023-04-14T02:11:07","modified_gmt":"2023-04-14T00:11:07","slug":"razina-sposobnosti","status":"publish","type":"page","link":"https:\/\/raftrek.com\/hr\/razina-sposobnosti\/","title":{"rendered":"Zahtjevnost izleta"},"content":{"rendered":"<h1>Zahtjevnost izleta<\/h1>\n<p>Ljestvica kroz koju je prikazana zahtjevnost izleta vam daje ideju o tome koliki je fizi\u010dki napor potreban na odre\u0111enom odmoru ili jednodnevnoj avanturi. Ve\u0107ina na\u0161ih putovanja je dizajnirana za fleksibilne, energi\u010dne ljude koji \u017eele biti aktivni, imaju avanturisti\u010dki duh i prosje\u010dnu razinu fizi\u010dke kondicije. Mo\u017eete o\u010dekivati \u200b\u200bda \u0107e dnevna aktivnost trajati do \u010detiri sata, ali na\u0161 raspored je prili\u010dno ovisan o vremenu. Nikakvo prethodno iskustvo nije potrebno za bilo koju od aktivnosti uklju\u010denih u svakodnevni program.<\/p>\n","protected":false},"excerpt":{"rendered":"<p>NA ODRE\u0110ENOM PUTOVANJU POTREBAN JE TJELESNI NAPOR<\/p>\n","protected":false},"author":1,"featured_media":849,"parent":0,"menu_order":29,"comment_status":"closed","ping_status":"closed","template":"page-nosidebar.php","meta":{"_acf_changed":false,"footnotes":""},"class_list":["post-851","page","type-page","status-publish","has-post-thumbnail","hentry"],"acf":[],"_links":{"self":[{"href":"https:\/\/raftrek.com\/hr\/wp-json\/wp\/v2\/pages\/851","targetHints":{"allow":["GET"]}}],"collection":[{"href":"https:\/\/raftrek.com\/hr\/wp-json\/wp\/v2\/pages"}],"about":[{"href":"https:\/\/raftrek.com\/hr\/wp-json\/wp\/v2\/types\/page"}],"author":[{"embeddable":true,"href":"https:\/\/raftrek.com\/hr\/wp-json\/wp\/v2\/users\/1"}],"replies":[{"embeddable":true,"href":"https:\/\/raftrek.com\/hr\/wp-json\/wp\/v2\/comments?post=851"}],"version-history":[{"count":4,"href":"https:\/\/raftrek.com\/hr\/wp-json\/wp\/v2\/pages\/851\/revisions"}],"predecessor-version":[{"id":39371,"href":"https:\/\/raftrek.com\/hr\/wp-json\/wp\/v2\/pages\/851\/revisions\/39371"}],"wp:featuredmedia":[{"embeddable":true,"href":"https:\/\/raftrek.com\/hr\/wp-json\/wp\/v2\/media\/849"}],"wp:attachment":[{"href":"https:\/\/raftrek.com\/hr\/wp-json\/wp\/v2\/media?parent=851"}],"curies":[{"name":"wp","href":"https:\/\/api.w.org\/{rel}","templated":true}]}}