{"id":45504,"date":"2025-03-05T13:18:56","date_gmt":"2025-03-05T12:18:56","guid":{"rendered":"https:\/\/raftrek.com\/?page_id=45504"},"modified":"2025-03-05T13:49:25","modified_gmt":"2025-03-05T12:49:25","slug":"eu-projekti","status":"publish","type":"page","link":"https:\/\/raftrek.com\/hr\/eu-projekti\/","title":{"rendered":"EU projekti"},"content":{"rendered":"<p><a href=\"https:\/\/raftrek.com\/hr\/hr_financira_europska_unija_rgb_pos-2\/\"><img decoding=\"async\" class=\"aligncenter wp-image-45527 size-large\" src=\"https:\/\/raftrek.com\/wp-content\/uploads\/2025\/03\/HR_Financira_Europska_unija_RGB_POS-1024x289.png\" alt=\"Eu Projekti - Financira Europska unija - NextGenerationEU\" width=\"1024\" height=\"289\" \/><\/a><\/p>\n<h4><\/h4>\n<p>&nbsp;<\/p>\n<h4>Naziv projekta: Raftrek Travel digitalna strategija 2024 upravljanje dru\u0161tvenim mre\u017eama (kod: NPOO.C1.1.2.R3-I2.01-V2.1410)<\/h4>\n<p>&nbsp;<\/p>\n<p><strong>Naziv korisnika<\/strong>: RAFTREK TRAVEL d.o.o. turisti\u010dka agencija<\/p>\n<p><strong>Sa\u017eetak projekta<\/strong>: Kroz ovaj projekt \u017eelimo posti\u0107i optimizaciju prisutnosti na\u0161e turisti\u010dke agencije na dru\u0161tvenim mre\u017eama kako\u00a0bi se pobolj\u0161ala vidljivost poduze\u0107a, uklju\u010dilo ciljanu publiku i potaknulo ve\u0107i rast<\/p>\n<p class=\"p1\">poslovanja. U\u010dinkovitim kori\u0161tenjem razli\u010ditih platformi dru\u0161tvenih medija, cilj nam je doprijeti do \u0161ire publike,\u00a0uspostaviti ja\u010de veze i na kraju pove\u0107ati broj rezervacija i prihod.<\/p>\n<p><strong>Ukupan iznos projekta<\/strong>: 4.500,00 \u20ac<\/p>\n<p><strong>Iznos EU potpore<\/strong>: 2.160,00 \u20ac<\/p>\n<p><strong>Trajanje provedbe<\/strong>: 09.02.2024 do 07.02.2025<\/p>\n<p>&nbsp;<\/p>\n<h4>Financira Europska unija &#8211; NextGenerationEU<\/h4>\n<p>Izneseni stavovi i mi\u0161ljenja samo su autorova i ne odra\u017eavaju nu\u017eno slu\u017ebena stajali\u0161ta Europske unije ili Europske komisije.\u00a0Ni Europska unija ni Europska komisija ne mogu se smatrati odgovornima za njih.<\/p>\n","protected":false},"excerpt":{"rendered":"<p>&nbsp; Naziv projekta: Raftrek Travel digitalna strategija 2024 upravljanje dru\u0161tvenim mre\u017eama (kod: NPOO.C1.1.2.R3-I2.01-V2.1410) &nbsp; Naziv korisnika: RAFTREK TRAVEL d.o.o. turisti\u010dka agencija Sa\u017eetak projekta: Kroz ovaj projekt \u017eelimo posti\u0107i optimizaciju prisutnosti na\u0161e turisti\u010dke agencije na dru\u0161tvenim mre\u017eama kako\u00a0bi se pobolj\u0161ala vidljivost poduze\u0107a, uklju\u010dilo ciljanu publiku i potaknulo ve\u0107i rast poslovanja. U\u010dinkovitim kori\u0161tenjem razli\u010ditih platformi dru\u0161tvenih medija, [&hellip;]<\/p>\n","protected":false},"author":12,"featured_media":0,"parent":0,"menu_order":5,"comment_status":"closed","ping_status":"closed","template":"","meta":{"_acf_changed":false,"footnotes":""},"class_list":["post-45504","page","type-page","status-publish","hentry"],"acf":[],"_links":{"self":[{"href":"https:\/\/raftrek.com\/hr\/wp-json\/wp\/v2\/pages\/45504","targetHints":{"allow":["GET"]}}],"collection":[{"href":"https:\/\/raftrek.com\/hr\/wp-json\/wp\/v2\/pages"}],"about":[{"href":"https:\/\/raftrek.com\/hr\/wp-json\/wp\/v2\/types\/page"}],"author":[{"embeddable":true,"href":"https:\/\/raftrek.com\/hr\/wp-json\/wp\/v2\/users\/12"}],"replies":[{"embeddable":true,"href":"https:\/\/raftrek.com\/hr\/wp-json\/wp\/v2\/comments?post=45504"}],"version-history":[{"count":13,"href":"https:\/\/raftrek.com\/hr\/wp-json\/wp\/v2\/pages\/45504\/revisions"}],"predecessor-version":[{"id":45549,"href":"https:\/\/raftrek.com\/hr\/wp-json\/wp\/v2\/pages\/45504\/revisions\/45549"}],"wp:attachment":[{"href":"https:\/\/raftrek.com\/hr\/wp-json\/wp\/v2\/media?parent=45504"}],"curies":[{"name":"wp","href":"https:\/\/api.w.org\/{rel}","templated":true}]}}