{"id":38979,"date":"2023-04-08T23:32:53","date_gmt":"2023-04-08T21:32:53","guid":{"rendered":"https:\/\/raftrek.com\/?page_id=38979"},"modified":"2025-12-04T12:54:58","modified_gmt":"2025-12-04T11:54:58","slug":"teambuilding-ponude","status":"publish","type":"page","link":"https:\/\/raftrek.com\/hr\/teambuilding-ponude\/","title":{"rendered":"Teambuilding Hrvatska"},"content":{"rendered":"<h2><strong>OUTDOOR ISKUSTVA KOJA POVEZUJU VA\u0160 TIM!<\/strong><\/h2>\n<p>Tra\u017eite <strong data-start=\"341\" data-end=\"369\">teambuilding u Hrvatskoj<\/strong> koji je istovremeno zabavan, siguran i nezaboravan?<br data-start=\"421\" data-end=\"424\" \/><strong data-start=\"424\" data-end=\"442\">Raftrek Travel<\/strong>, s preko <strong data-start=\"452\" data-end=\"499\">25 godina iskustva u vo\u0111enju outdoor izleta<\/strong>, organizira <strong data-start=\"512\" data-end=\"549\">prilago\u0111ene teambuilding programe<\/strong> na najljep\u0161im hrvatskim rijekama. Na\u0161i programi idealni su za tvrtke koje \u017eele oja\u010dati timski duh, nagraditi zaposlenike i pru\u017eiti im iskustvo o kojem \u0107e se jo\u0161 dugo pri\u010dati.<\/p>\n<p>&nbsp;<\/p>\n<h2><strong>ZA\u0160TO JE RAFTREK IDEALAN ZA VA\u0160 TEAMBUILDING<\/strong><\/h2>\n<p><strong><span style=\"color: #28a745;\">\u2713<\/span><\/strong> <strong>25+ godina iskustva<\/strong> u outdoor avanturama<\/p>\n<p><strong><span style=\"color: #28a745;\">\u2713<\/span><\/strong> Koristimo najnoviju<strong> profesionalnu opremu<\/strong> za maksimalnu sigurnost i udobnost<\/p>\n<p><strong><span style=\"color: #28a745;\">\u2713<\/span> <\/strong>Stru\u010dni i licencirani <strong>vodi\u010di<\/strong><\/p>\n<p><strong><span style=\"color: #28a745;\">\u2713<\/span> <\/strong>Mogu\u0107nost <strong>potpune personalizacije<\/strong> programa<\/p>\n<p><strong><span style=\"color: #28a745;\">\u2713<\/span> <\/strong>Visoka razina <strong>sigurnosti<\/strong> i <strong>organizacije<\/strong><\/p>\n<h3 data-start=\"1046\" data-end=\"1108\"><\/h3>\n<h2><strong>NA UPIT \u2013 KREIRAMO PROGRAM PO VA\u0160OJ MJERI<\/strong><\/h2>\n<p>Svaki teambuilding radimo <strong data-start=\"1136\" data-end=\"1148\">po upitu<\/strong>, kako bismo maksimalno prilagodili aktivnosti veli\u010dini grupe, rasporedu i ciljevima va\u0161eg tima.<br data-start=\"1244\" data-end=\"1247\" \/>Bilo da tra\u017eite adrenalinski rafting, opu\u0161ten kayaking ili kombinaciju aktivnosti, <strong>pripremit \u0107emo program koji odgovara va\u0161oj ekipi.<\/strong><\/p>\n<ul>\n<li><em>kontaktirajte te nas putem <strong>kontakt obrasca na dnu stranice<\/strong> ili po\u0161aljite upit na &#8220;<strong>info@raftrek.com&#8221; !<\/strong><\/em><\/li>\n<\/ul>\n<p>&nbsp;<\/p>\n<h2><strong>TOP LOKACIJE ZA TEAMBUILDING U PRIRODI<\/strong><\/h2>\n<p>&nbsp;<\/p>\n<h3>ZRMANJA &#8211; Rafting \/ Kajaking<\/h3>\n<p><em data-start=\"1470\" data-end=\"1502\">Savr\u0161eno za timove blizu <a href=\"https:\/\/raftrek.com\/hr\/destinations\/zadar\/\"><strong>Zadra<\/strong><\/a><\/em><br data-start=\"1502\" data-end=\"1505\" \/>Zrmanja je jedna od najpopularnijih rijeka za <strong data-start=\"1551\" data-end=\"1575\">rafting teambuilding<\/strong> u Hrvatskoj. Poznata po kanjonima, slapovima i kristalno \u010distoj vodi, nudi idealnu kombinaciju adrenalina i prirodnih ljepota.<\/p>\n<figure id=\"attachment_48366\" aria-describedby=\"caption-attachment-48366\" style=\"width: 1921px\" class=\"wp-caption aligncenter\"><img decoding=\"async\" class=\"wp-image-48366 size-full\" src=\"https:\/\/raftrek.com\/wp-content\/uploads\/2023\/03\/Zrmanja-Rafting-Kayaking-HR-3.webp\" alt=\"Grupa ljudi u raft \u010damcu sa visokim slapom u pozadini\" width=\"1921\" height=\"1081\" srcset=\"https:\/\/raftrek.com\/wp-content\/uploads\/2023\/03\/Zrmanja-Rafting-Kayaking-HR-3.webp 1921w, https:\/\/raftrek.com\/wp-content\/uploads\/2023\/03\/Zrmanja-Rafting-Kayaking-HR-3-300x169.webp 300w, https:\/\/raftrek.com\/wp-content\/uploads\/2023\/03\/Zrmanja-Rafting-Kayaking-HR-3-1024x576.webp 1024w, https:\/\/raftrek.com\/wp-content\/uploads\/2023\/03\/Zrmanja-Rafting-Kayaking-HR-3-768x432.webp 768w, https:\/\/raftrek.com\/wp-content\/uploads\/2023\/03\/Zrmanja-Rafting-Kayaking-HR-3-1536x864.webp 1536w\" sizes=\"(max-width: 1921px) 100vw, 1921px\" \/><figcaption id=\"caption-attachment-48366\" class=\"wp-caption-text\">Kajaking \/ Rafting na Zrmanji<\/figcaption><\/figure>\n<p>&nbsp;<\/p>\n<h3><\/h3>\n<h3>MRE\u017dNICA &#8211; Rafting \/ Kajaking<\/h3>\n<p><em data-start=\"1742\" data-end=\"1799\">Najbolji izbor za teambuilding blizu Zagreba i Plitvica<\/em><\/p>\n<p>Nudimo <strong>dvije lokacije<\/strong> &#8211; gornji tok (blizu Plitivca i grada Slunja) i donji tok (blizu grada Zagreba i Karlovca)<br data-start=\"1799\" data-end=\"1802\" \/>S tirkiznom vodom i slikovitim slapovima, Mre\u017enica je idealna za tvrtke koje \u017eele aktivan, ali opu\u0161ten <strong data-start=\"1905\" data-end=\"1929\">outdoor teambuilding<\/strong>. Odli\u010dno rje\u0161enje za jednodnevne evente.<\/p>\n<figure id=\"attachment_49352\" aria-describedby=\"caption-attachment-49352\" style=\"width: 1920px\" class=\"wp-caption aligncenter\"><img decoding=\"async\" class=\"size-full wp-image-49352\" src=\"https:\/\/raftrek.com\/wp-content\/uploads\/2025\/12\/TB-donji-tok-njas-WEB.webp\" alt=\"Grupa na teambuildingu u kajacima, \u0161pricaju se prije natjecanja\" width=\"1920\" height=\"1080\" srcset=\"https:\/\/raftrek.com\/wp-content\/uploads\/2025\/12\/TB-donji-tok-njas-WEB.webp 1920w, https:\/\/raftrek.com\/wp-content\/uploads\/2025\/12\/TB-donji-tok-njas-WEB-300x169.webp 300w, https:\/\/raftrek.com\/wp-content\/uploads\/2025\/12\/TB-donji-tok-njas-WEB-1024x576.webp 1024w, https:\/\/raftrek.com\/wp-content\/uploads\/2025\/12\/TB-donji-tok-njas-WEB-768x432.webp 768w, https:\/\/raftrek.com\/wp-content\/uploads\/2025\/12\/TB-donji-tok-njas-WEB-1536x864.webp 1536w\" sizes=\"(max-width: 1920px) 100vw, 1920px\" \/><figcaption id=\"caption-attachment-49352\" class=\"wp-caption-text\">Kajaking na Mre\u017enici<\/figcaption><\/figure>\n<h3><\/h3>\n<h3>UNA &#8211; Rafting<\/h3>\n<p><em data-start=\"1996\" data-end=\"2037\">Blizu Plitvica i bez prelaska granice! Za timove \u017eeljne akcije!<\/em><br data-start=\"2037\" data-end=\"2040\" \/><strong><a href=\"https:\/\/hr.wikipedia.org\/wiki\/Una\" target=\"_blank\" rel=\"noopener\">Una<\/a><\/strong> je savr\u0161ena za sve koji \u017eele ne\u0161to dinami\u010dnije. Ovo je jedan od najatraktivnijih rafting do\u017eivljaja u regiji \u2013 siguran, vodstvom profesionalaca, i iznimno zabavan za ve\u0107e grupe.<\/p>\n<figure id=\"attachment_48271\" aria-describedby=\"caption-attachment-48271\" style=\"width: 1921px\" class=\"wp-caption aligncenter\"><img decoding=\"async\" class=\"wp-image-48271 size-full\" src=\"https:\/\/raftrek.com\/wp-content\/uploads\/2025\/07\/Rafting-na-Uni-1.webp\" alt=\"Grupa ljudi u raftu ide niz brzac na rijeci Uni\" width=\"1921\" height=\"1080\" srcset=\"https:\/\/raftrek.com\/wp-content\/uploads\/2025\/07\/Rafting-na-Uni-1.webp 1921w, https:\/\/raftrek.com\/wp-content\/uploads\/2025\/07\/Rafting-na-Uni-1-300x169.webp 300w, https:\/\/raftrek.com\/wp-content\/uploads\/2025\/07\/Rafting-na-Uni-1-1024x576.webp 1024w, https:\/\/raftrek.com\/wp-content\/uploads\/2025\/07\/Rafting-na-Uni-1-768x432.webp 768w, https:\/\/raftrek.com\/wp-content\/uploads\/2025\/07\/Rafting-na-Uni-1-1536x864.webp 1536w\" sizes=\"(max-width: 1921px) 100vw, 1921px\" \/><figcaption id=\"caption-attachment-48271\" class=\"wp-caption-text\">Rafting na Uni<\/figcaption><\/figure>\n<h2><strong>DODATNE OPCIJE ZA GRUPE<\/strong><\/h2>\n<ul>\n<li>Za manje grupe nudimo <strong>redovni povratni transfer\u00a0<\/strong><\/li>\n<li>Za ve\u0107e grupe postoji mogu\u0107nost organiziranja <strong>bus prijevoza<\/strong><\/li>\n<li>Ovisno o lokaciji i dostupnosti, nudimo <strong>smje\u0161taj<\/strong> i <strong>obroke<\/strong> po dogovoru<\/li>\n<li>Planiranje cjelodnevnih ili <strong>vi\u0161ednevnih<\/strong> teambuilding programa<\/li>\n<li>Ovisno o lokaciji i mogu\u0107nosti, nudimo <strong>kombinacije aktivnosti<\/strong> sa team igrama i prilago\u0111enim rasporedima<\/li>\n<\/ul>\n<p>&nbsp;<\/p>\n<h2><strong>REZERVIRAJTE SVOJ TEAMBUILDING<\/strong><\/h2>\n<p>Ako tra\u017eite <strong data-start=\"2617\" data-end=\"2652\">najbolji teambuilding u prirodi<\/strong> za svoj tim, <strong>Raftrek Travel<\/strong> je va\u0161 pouzdani izbor.<br data-start=\"2703\" data-end=\"2706\" \/><strong>Po\u0161aljite nam upit<\/strong> i zajedno \u0107emo kreirati program koji motivira, povezuje i inspirira va\u0161u ekipu.<\/p>\n","protected":false},"excerpt":{"rendered":"<p>OUTDOOR ISKUSTVA KOJA POVEZUJU VA\u0160 TIM! Tra\u017eite teambuilding u Hrvatskoj koji je istovremeno zabavan, siguran i nezaboravan?Raftrek Travel, s preko 25 godina iskustva u vo\u0111enju outdoor izleta, organizira prilago\u0111ene teambuilding programe na najljep\u0161im hrvatskim rijekama. Na\u0161i programi idealni su za tvrtke koje \u017eele oja\u010dati timski duh, nagraditi zaposlenike i pru\u017eiti im iskustvo o kojem \u0107e [&hellip;]<\/p>\n","protected":false},"author":1,"featured_media":38984,"parent":0,"menu_order":39,"comment_status":"closed","ping_status":"closed","template":"page-form.php","meta":{"_acf_changed":false,"footnotes":""},"class_list":["post-38979","page","type-page","status-publish","has-post-thumbnail","hentry"],"acf":[],"_links":{"self":[{"href":"https:\/\/raftrek.com\/hr\/wp-json\/wp\/v2\/pages\/38979","targetHints":{"allow":["GET"]}}],"collection":[{"href":"https:\/\/raftrek.com\/hr\/wp-json\/wp\/v2\/pages"}],"about":[{"href":"https:\/\/raftrek.com\/hr\/wp-json\/wp\/v2\/types\/page"}],"author":[{"embeddable":true,"href":"https:\/\/raftrek.com\/hr\/wp-json\/wp\/v2\/users\/1"}],"replies":[{"embeddable":true,"href":"https:\/\/raftrek.com\/hr\/wp-json\/wp\/v2\/comments?post=38979"}],"version-history":[{"count":22,"href":"https:\/\/raftrek.com\/hr\/wp-json\/wp\/v2\/pages\/38979\/revisions"}],"predecessor-version":[{"id":49357,"href":"https:\/\/raftrek.com\/hr\/wp-json\/wp\/v2\/pages\/38979\/revisions\/49357"}],"wp:featuredmedia":[{"embeddable":true,"href":"https:\/\/raftrek.com\/hr\/wp-json\/wp\/v2\/media\/38984"}],"wp:attachment":[{"href":"https:\/\/raftrek.com\/hr\/wp-json\/wp\/v2\/media?parent=38979"}],"curies":[{"name":"wp","href":"https:\/\/api.w.org\/{rel}","templated":true}]}}