{"id":36884,"date":"2023-04-03T23:18:21","date_gmt":"2023-04-03T21:18:21","guid":{"rendered":"https:\/\/raftrek.com\/?page_id=36884"},"modified":"2023-04-07T20:34:55","modified_gmt":"2023-04-07T18:34:55","slug":"raftrek-blog","status":"publish","type":"page","link":"https:\/\/raftrek.com\/hr\/raftrek-blog\/","title":{"rendered":"Raftrek Travel Blog"},"content":{"rendered":"<p>Blog o aktivnostima i <a href=\"https:\/\/raftrek.com\/system\/jednodnevni-izleti\/\">pustolovnim izletima<\/a> u Hrvatskoj pru\u017ea korisne informacije o vremenu, kulturi, razli\u010ditim destinacijama i putovanjima. Stoga, ako mislite da je putovanje \u010dista inspiracija pod otvorenim nebom, onda ste na pravom mjestu, a avanturisti\u010dki turizam svakako je opcija za vas. Ponuda na na\u0161oj web stranici mo\u017ee poslu\u017eiti kao inspiracija u planiranju va\u0161eg fenomenalnog putovanja. Ako vas zanima Hrvatska druga\u010dija od one koju znate, otkrijte cijeli novi svijet ljepote i opet se zaljubite.<\/p>\n<p>\u017delite li se oku\u0161ati u aktivnostima koje donose uzbu\u0111enje, sre\u0107u, \u010dak i malo straha i adrenalina? Sve to, a i malo vi\u0161e, mo\u017eemo vam pru\u017eiti u stvarnosti, daleko od tipkovnice ra\u010dunala, daleko od va\u0161eg stana i svakodnevnog \u017eivota, a uz vodstvo i stru\u010dnost iskusnih vodi\u010da.<\/p>\n<h2>Avantura vas \u010deka<\/h2>\n<p>Istupite iz svoje zone udobnosti, i otkrijte najljep\u0161e dijelove Hrvatske. Raftrek je ovdje za vas, ako se odlu\u010dite za avanturisti\u010dki odmor. Nudimo niz <a href=\"https:\/\/raftrek.com\/system\/aktivnosti\/\">razli\u010ditih aktivnosti u Hrvatskoj<\/a>. Dobro poznajemo na\u0161u zemlju i \u017eelimo je podijeliti s vama. Na\u0161 primarni cilj je staviti na\u0161u malu, ali lijepu zemlju na kartu svijeta kao bitnu destinaciju za pustolovni turizam.\u00a0Specijalizirani smo za niz jednodnevnih izleta koji su dobro uravnote\u017eena mje\u0161avina prirode, aktivnosti i kulture. Pro\u010ditajte vi\u0161e o svakoj Aktivnosti u Hrvatskoj i odaberite idealnu za Va\u0161 aktivni odmor.<\/p>\n<h5>Pro\u010ditajte na\u0161 blog o aktivnostima i pustolovnim izletima u Hrvatskoj za vi\u0161e uvida i inspiracije<\/h5>\n","protected":false},"excerpt":{"rendered":"<p>Blog o aktivnostima i pustolovnim izletima u Hrvatskoj pru\u017ea korisne informacije o vremenu, kulturi, razli\u010ditim destinacijama i putovanjima. Stoga, ako mislite da je putovanje \u010dista inspiracija pod otvorenim nebom, onda ste na pravom mjestu, a avanturisti\u010dki turizam svakako je opcija za vas. Ponuda na na\u0161oj web stranici mo\u017ee poslu\u017eiti kao inspiracija u planiranju va\u0161eg fenomenalnog [&hellip;]<\/p>\n","protected":false},"author":1,"featured_media":38970,"parent":0,"menu_order":35,"comment_status":"closed","ping_status":"closed","template":"page-blog.php","meta":{"_acf_changed":false,"footnotes":""},"class_list":["post-36884","page","type-page","status-publish","has-post-thumbnail","hentry"],"acf":[],"_links":{"self":[{"href":"https:\/\/raftrek.com\/hr\/wp-json\/wp\/v2\/pages\/36884","targetHints":{"allow":["GET"]}}],"collection":[{"href":"https:\/\/raftrek.com\/hr\/wp-json\/wp\/v2\/pages"}],"about":[{"href":"https:\/\/raftrek.com\/hr\/wp-json\/wp\/v2\/types\/page"}],"author":[{"embeddable":true,"href":"https:\/\/raftrek.com\/hr\/wp-json\/wp\/v2\/users\/1"}],"replies":[{"embeddable":true,"href":"https:\/\/raftrek.com\/hr\/wp-json\/wp\/v2\/comments?post=36884"}],"version-history":[{"count":3,"href":"https:\/\/raftrek.com\/hr\/wp-json\/wp\/v2\/pages\/36884\/revisions"}],"predecessor-version":[{"id":36892,"href":"https:\/\/raftrek.com\/hr\/wp-json\/wp\/v2\/pages\/36884\/revisions\/36892"}],"wp:featuredmedia":[{"embeddable":true,"href":"https:\/\/raftrek.com\/hr\/wp-json\/wp\/v2\/media\/38970"}],"wp:attachment":[{"href":"https:\/\/raftrek.com\/hr\/wp-json\/wp\/v2\/media?parent=36884"}],"curies":[{"name":"wp","href":"https:\/\/api.w.org\/{rel}","templated":true}]}}