{"id":236,"date":"2023-03-29T21:55:12","date_gmt":"2023-03-29T19:55:12","guid":{"rendered":"https:\/\/raftrek.com\/?page_id=236"},"modified":"2024-02-08T15:26:46","modified_gmt":"2024-02-08T14:26:46","slug":"activities-hr","status":"publish","type":"page","link":"https:\/\/raftrek.com\/hr\/activities-hr\/","title":{"rendered":"Aktivnosti"},"content":{"rendered":"<p>\u017delimo vam pomo\u0107i da osmislite sebi svoj aktivni odmor to\u010dno onako kako bi bio avantura savr\u0161eno prilago\u0111ena Va\u0161im \u017eeljama. Ako ne mo\u017eete prona\u0107i idealan odmor koji se odnosi na va\u0161e interese me\u0111u na\u0161om ponudom, mo\u017eemo promijeniti i prilagoditi aktivnosti prema Va\u0161im potrebama. Svaki Raftrek izlet je jedinstvena vrsta avanture dobro isplanirana od strane Raftrek tima. Ni\u017ee navedene aktivnosti u Hrvatskoj su one u kojima garantiramo savr\u0161enstvo izvedbe.<\/p>\n<h4>Odva\u017eite se i probajte na\u0161e aktivnosti u Hrvatskoj<\/h4>\n<p>Dakle, kada planirate odmor uz more, planirajte i dan na rijeci ili planini. Zasigurno \u0107e to biti jedan od odmora koji \u0107ete pamtiti. Ponuda na na\u0161oj web stranici mo\u017ee poslu\u017eiti kao inspiracija u planiranju Va\u0161eg fenomenalnog putovanja. Ako Vas zanima Hrvatska druga\u010dija od one koju znate, otkrijte cijeli novi svijet ljepote i opet se zaljubite. Specijalizirani smo za niz jednodnevnih izleta koji su dobro uravnote\u017eena mje\u0161avina prirode, aktivnosti i kulture. Pro\u010ditajte vi\u0161e o svakoj aktivnosti u Hrvatskoj i odaberite idealnu za Va\u0161 aktivni odmor.<\/p>\n","protected":false},"excerpt":{"rendered":"<p>Aktivnosti u Hrvatskoj su upravo ono u \u010demu smo majstori.<\/p>\n","protected":false},"author":1,"featured_media":0,"parent":0,"menu_order":4,"comment_status":"closed","ping_status":"closed","template":"page-aktivnosti.php","meta":{"_acf_changed":false,"footnotes":""},"class_list":["post-236","page","type-page","status-publish","hentry"],"acf":[],"_links":{"self":[{"href":"https:\/\/raftrek.com\/hr\/wp-json\/wp\/v2\/pages\/236","targetHints":{"allow":["GET"]}}],"collection":[{"href":"https:\/\/raftrek.com\/hr\/wp-json\/wp\/v2\/pages"}],"about":[{"href":"https:\/\/raftrek.com\/hr\/wp-json\/wp\/v2\/types\/page"}],"author":[{"embeddable":true,"href":"https:\/\/raftrek.com\/hr\/wp-json\/wp\/v2\/users\/1"}],"replies":[{"embeddable":true,"href":"https:\/\/raftrek.com\/hr\/wp-json\/wp\/v2\/comments?post=236"}],"version-history":[{"count":4,"href":"https:\/\/raftrek.com\/hr\/wp-json\/wp\/v2\/pages\/236\/revisions"}],"predecessor-version":[{"id":42280,"href":"https:\/\/raftrek.com\/hr\/wp-json\/wp\/v2\/pages\/236\/revisions\/42280"}],"wp:attachment":[{"href":"https:\/\/raftrek.com\/hr\/wp-json\/wp\/v2\/media?parent=236"}],"curies":[{"name":"wp","href":"https:\/\/api.w.org\/{rel}","templated":true}]}}