{"id":1616,"date":"2023-04-03T00:12:18","date_gmt":"2023-04-02T22:12:18","guid":{"rendered":"https:\/\/raftrek.com\/contact\/"},"modified":"2025-09-03T14:00:27","modified_gmt":"2025-09-03T12:00:27","slug":"kontakt","status":"publish","type":"page","link":"https:\/\/raftrek.com\/hr\/kontakt\/","title":{"rendered":"Kontakt"},"content":{"rendered":"<div class=\"wpb_text_column wpb_content_element \">\n<div class=\"wpb_wrapper\">\n<p>Kontaktirajte Raftrek tim za vi\u0161e informacija o aktivnim izletima u <a href=\"https:\/\/croatia.hr\/\" target=\"_blank\" rel=\"noopener\">Hrvatskoj<\/a>. Rado \u0107emo vam pru\u017eiti sve potrebne informacije, stoga ne ustru\u010davajte se kontaktirati nas. Slobodno nas nazovite, po\u0161aljite e-poruku ili ostavite poruku na na\u0161oj web stranici.<\/p>\n<p>Svako putovanje zapo\u010dinje kontaktiranjem jednog od na\u0161ih \u010dlanova <a href=\"https:\/\/raftrek.com\/hr\/o-nama\/raftrek-tim\/\">tima<\/a>. Kada po\u0161aljete e-po\u0161tu ili nazovete, dobit \u0107ete sve informacije iz prve ruke. Mo\u017eete vjerovati na\u0161em znanju i oku za detalje kako bi va\u0161 izlet bio najbolji na kojeg ste ikad oti\u0161li. Bilo da trebate informacije o destinaciji, aktivnosti ili specifi\u010dnom izletu &#8211; tu smo za vas.<\/p>\n<p><strong>Slobodno kontaktirajte Raftrek tim.<\/strong><\/p>\n<\/div>\n<\/div>\n","protected":false},"excerpt":{"rendered":"<p>Rado \u0107emo vam pru\u017eiti sve potrebne informacije, stoga ne ustru\u010davajte se kontaktirati nas. Slobodno nas nazovite, po\u0161aljite e-poruku ili ostavite poruku na na\u0161oj web stranici.<\/p>\n","protected":false},"author":1,"featured_media":1615,"parent":0,"menu_order":6,"comment_status":"closed","ping_status":"closed","template":"page-kontakt.php","meta":{"_acf_changed":false,"footnotes":""},"class_list":["post-1616","page","type-page","status-publish","has-post-thumbnail","hentry"],"acf":[],"_links":{"self":[{"href":"https:\/\/raftrek.com\/hr\/wp-json\/wp\/v2\/pages\/1616","targetHints":{"allow":["GET"]}}],"collection":[{"href":"https:\/\/raftrek.com\/hr\/wp-json\/wp\/v2\/pages"}],"about":[{"href":"https:\/\/raftrek.com\/hr\/wp-json\/wp\/v2\/types\/page"}],"author":[{"embeddable":true,"href":"https:\/\/raftrek.com\/hr\/wp-json\/wp\/v2\/users\/1"}],"replies":[{"embeddable":true,"href":"https:\/\/raftrek.com\/hr\/wp-json\/wp\/v2\/comments?post=1616"}],"version-history":[{"count":11,"href":"https:\/\/raftrek.com\/hr\/wp-json\/wp\/v2\/pages\/1616\/revisions"}],"predecessor-version":[{"id":46997,"href":"https:\/\/raftrek.com\/hr\/wp-json\/wp\/v2\/pages\/1616\/revisions\/46997"}],"wp:featuredmedia":[{"embeddable":true,"href":"https:\/\/raftrek.com\/hr\/wp-json\/wp\/v2\/media\/1615"}],"wp:attachment":[{"href":"https:\/\/raftrek.com\/hr\/wp-json\/wp\/v2\/media?parent=1616"}],"curies":[{"name":"wp","href":"https:\/\/api.w.org\/{rel}","templated":true}]}}