{"id":1517,"date":"2023-04-02T22:27:27","date_gmt":"2023-04-02T20:27:27","guid":{"rendered":"https:\/\/raftrek.com\/legal-data\/"},"modified":"2025-06-03T15:56:51","modified_gmt":"2025-06-03T13:56:51","slug":"opci-podaci","status":"publish","type":"page","link":"https:\/\/raftrek.com\/hr\/opci-podaci\/","title":{"rendered":"Op\u0107i podaci"},"content":{"rendered":"<div class=\"wpb_column vc_column_container vc_col-sm-6\">\n<div class=\"vc_column-inner\">\n<div class=\"wpb_wrapper\">\n<div class=\"wpb_text_column wpb_content_element \">\n<div class=\"wpb_wrapper\">\n<h3 class=\"uk-article-title\">OP\u0106I PODACI<\/h3>\n<p><strong>Raftrek Travel d.o.o. turisti\u010dka agencija<\/strong><br \/>\nSjedi\u0161te: Vrbani 17, 10 000 Zagreb, Hrvatska<br \/>\nPoslovnica: Ulica Mirka Viriusa 14, 10 000 Zargeb, Hrvatska<\/p>\n<p>Direktor i vlasnik: Davor Kos<br \/>\nVoditelj poslova: Edis Muji\u0107<br \/>\n<em><br \/>\nSvojstvo u kojem nastupa<\/em>: Stalni zaposlenik tvrtke Raftrek travel d.o.o, po Gl. 3. \u010cl 16-19 navezenog Zakona;<br \/>\n<em>Ovla\u0161ten:<\/em> Uvjerenjem o polo\u017eenom stru\u010dnom ispitu voditelja poslovnice, Veleu\u010dili\u0161te VERN u Zagrebu, Ur.broj 251-354-01\/11\/1257, od 13.06.2011.<\/p>\n<p>E: info(at)raftrek.com<\/p>\n<p>M: 00385 91 313 0010<br \/>\nT: 00385 1 6521 666<\/p>\n<p>Radno vrijeme: pon \u2013 pet \/ 09:00 \u2013 17:00 h<br \/>\nVikendom &amp; praznicima: Zatvoreno<\/p>\n<\/div>\n<\/div>\n<\/div>\n<\/div>\n<\/div>\n<hr \/>\n<div class=\"wpb_column vc_column_container vc_col-sm-6\">\n<div class=\"vc_column-inner\">\n<div class=\"wpb_wrapper\">\n<div class=\"wpb_text_column wpb_content_element \">\n<div class=\"wpb_wrapper\">\n<h3>PODACI PODUZE\u0106A<\/h3>\n<p>Upisan u sudski registar Trgova\u010dkog suda u Zagrebu, 20.01.2011.,<br \/>\nTt-10\/24562-2,<\/p>\n<p>ID Kod putni\u010dke agencije: HR-AB-01-080751332<\/p>\n<p>Mati\u010dni broj: 2720639<br \/>\nOIB: 43344232547<\/p>\n<p>Privredna banka Zagreb d.d.,<br \/>\nRadni\u010dka cesta 50, Zagreb, Hrvatska<\/p>\n<p>\u017dR: 2340009-1110461708<br \/>\nIBAN: HR8923400091110461708<\/p>\n<p>Iznos temeljnog kapitala 33.170,00 \u20ac upla\u0107en u cijelosti.<\/p>\n<\/div>\n<\/div>\n<\/div>\n<\/div>\n<\/div>\n<hr \/>\n<h4>Na\u010din podno\u0161enja prigovora<\/h4>\n<p>Ako program usluga nije u potpunosti izveden ili je njegova izvedba lo\u0161e kvalitete i ispod standarda, te u slu\u010daju da Klijent nije zadovoljan smje\u0161tajem, opremom ili pru\u017eenom uslugom, mora odmah kontaktirati zaposlenika Agencije (vodi\u010d\/voditelj putovanja\/predstavnik) kako bi se prona\u0161lo zadovoljavaju\u0107e rje\u0161enje ili zamjena. Svi zahtjevi za povratom novca\u00a0 moraju biti podneseni Agenciji pismeno, unutar 7 dana od zavr\u0161etka programa. Klijent ima pravo na povrat u iznosu od realne vrijednosti usluga koje nisu pru\u017eene, dok najve\u0107i mogu\u0107i povrat po pritu\u017ebi mo\u017ee iznositi punu cijenu programa. Klijent \u0107e se odre\u0107i prava na idealnu naknadu. Svi mogu\u0107i sporovi dolaze pod nadle\u017enost Suda u Zagrebu.<\/p>\n<p>Sukladno \u010dl. 10 st. 1. i 2. Zakona o za\u0161titi potro\u0161a\u010da (NN 19\/22, 59\/23\u00a0na snazi od 25.06.2023.) i \u010dl. 6. st. 3. Zakona o pru\u017eanju usluga u turizmu (NN 130\/17, 25\/19, 98\/19, 42\/20, 70\/21 na snazi od 26.06.2021.) Klijent mo\u017ee podnijeti prigovor na kvalitetu na\u0161ih usluga u pisanom obliku na adresu:<\/p>\n<p><strong>RAFTREK TRAVEL d.o.o. turisti\u010dka agencija<\/strong><\/p>\n<p><strong>Vrbani 17,\u00a010 000 Zagreb<\/strong><\/p>\n<p>ili<\/p>\n<p>na e-mail:\u00a0<a href=\"mailto:info@raftrek.com\">info@raftrek.com<\/a><\/p>\n<p>Klijent \u0107e odgovor na pisani prigovor zaprimiti u pisanom obliku nakasnije u roku od 15 dana od dana primitka prigovora. Molimo klijente da u prigovoru navedu svoje puno ime i prezime, ime i prezime putnika (u slu\u010daju da je rije\u010d o razli\u010ditim osobama), detalje i specifi\u010dnosti putovanja i prigovora, te adresu ili e-mail za dostavu odgovora.<\/p>\n<p>&nbsp;<\/p>\n<p><img decoding=\"async\" class=\"aligncenter w-100\" src=\"https:\/\/raftrek.com\/wp-content\/uploads\/2023\/04\/raftrek-travel-facebook-cover.jpg\" alt=\"\"><\/p>\n<p>&nbsp;<\/p>\n<h4>Klijent je du\u017ean:<\/h4>\n<ul>\n<li>posjedovati valjanu putnu dokumentaciju<\/li>\n<li>po\u0161tivati i prilagoditi se svim obi\u010dajima i regulativama zemlje destinacije<\/li>\n<li>obavijestiti Agenciju o svakom obliku invaliditeta ili o\u0161te\u0107enja koje bi moglo ograni\u010diti sudjelovanje u programu<\/li>\n<li>prilo\u017eiti dokument koji potvr\u0111uje pla\u0107anje usluge (voucher, potvrdu banke o pla\u0107anju, agencijski ra\u010dun primljen po\u0161tom, e-mailom ili osobno) pru\u017eatelju usluge<\/li>\n<li>saznati je li mu\/joj potrebna viza za Hrvatsku ili bilo koju susjednu zemlju ukoliko je posjet njima uklju\u010den u itinerer<\/li>\n<\/ul>\n<p>Ako klijent ne bude slijedio navedena pravila, biti \u0107e dr\u017ean odgovornim za pla\u0107anje svih tro\u0161kova ili \u0161teta. Potvrdom rezervacije, Klijent se obvezuje da \u0107e u slu\u010daju eventualne \u0161tete platiti pru\u017eatelju usluge od\u0161tetu na licu mjesta.<\/p>\n<p>&nbsp;<\/p>\n<h4>Sudska nadle\u017enost<\/h4>\n<p>U slu\u010daju da Klijent nije zadovoljan na\u010dinom na koji je obra\u0111ena njegova pritu\u017eba, Klijent ima pravo na sudsku arbitra\u017eu. Klijent i Agencija \u0107e te\u017eiti sporazumnom rje\u0161enju tu\u017ebe, a u slu\u010daju da sporazum ne mo\u017ee biti postignut, predmet dolazi pod nadle\u017enost Suda u Zagrebu sukladno zakonima Republike Hrvatske.<\/p>\n<p>Detaljnije informacije na linku <a href=\"https:\/\/raftrek.com\/hr\/uvjeti-poslovanja\/\">Op\u0107i uvijeti poslovanja<\/a><\/p>\n<p>Nadle\u017eno tijelo \u010dijem slu\u017ebenom nadzoru podlije\u017ee djelatnost turisti\u010dke agencije u objavljanju i pru\u017eanju usluga u turizmu:<br \/>\nDr\u017eavni inspektorat &#8211; Turisti\u010dka inspekcija<br \/>\n\u0160ubi\u0107eva 29, 10000 Zagreb<br \/>\nE-mail adresa: <a href=\"mailto:turisticka.inspekcija@dirh.hr\">turisticka.inspekcija@dirh.hr<\/a><\/p>\n<p>&nbsp;<\/p>\n","protected":false},"excerpt":{"rendered":"<p>OP\u0106I PODACI Raftrek Travel d.o.o. turisti\u010dka agencija Sjedi\u0161te: Vrbani 17, 10 000 Zagreb, Hrvatska Poslovnica: Ulica Mirka Viriusa 14, 10 000 Zargeb, Hrvatska Direktor i vlasnik: Davor Kos Voditelj poslova: Edis Muji\u0107 Svojstvo u kojem nastupa: Stalni zaposlenik tvrtke Raftrek travel d.o.o, po Gl. 3. \u010cl 16-19 navezenog Zakona; Ovla\u0161ten: Uvjerenjem o polo\u017eenom stru\u010dnom ispitu [&hellip;]<\/p>\n","protected":false},"author":1,"featured_media":0,"parent":0,"menu_order":18,"comment_status":"closed","ping_status":"closed","template":"","meta":{"_acf_changed":false,"footnotes":""},"class_list":["post-1517","page","type-page","status-publish","hentry"],"acf":[],"_links":{"self":[{"href":"https:\/\/raftrek.com\/hr\/wp-json\/wp\/v2\/pages\/1517","targetHints":{"allow":["GET"]}}],"collection":[{"href":"https:\/\/raftrek.com\/hr\/wp-json\/wp\/v2\/pages"}],"about":[{"href":"https:\/\/raftrek.com\/hr\/wp-json\/wp\/v2\/types\/page"}],"author":[{"embeddable":true,"href":"https:\/\/raftrek.com\/hr\/wp-json\/wp\/v2\/users\/1"}],"replies":[{"embeddable":true,"href":"https:\/\/raftrek.com\/hr\/wp-json\/wp\/v2\/comments?post=1517"}],"version-history":[{"count":9,"href":"https:\/\/raftrek.com\/hr\/wp-json\/wp\/v2\/pages\/1517\/revisions"}],"predecessor-version":[{"id":46015,"href":"https:\/\/raftrek.com\/hr\/wp-json\/wp\/v2\/pages\/1517\/revisions\/46015"}],"wp:attachment":[{"href":"https:\/\/raftrek.com\/hr\/wp-json\/wp\/v2\/media?parent=1517"}],"curies":[{"name":"wp","href":"https:\/\/api.w.org\/{rel}","templated":true}]}}