{"id":1503,"date":"2023-04-02T22:21:39","date_gmt":"2023-04-02T20:21:39","guid":{"rendered":"https:\/\/raftrek.com\/raftrek-personal-information-regulation\/"},"modified":"2023-04-02T22:24:34","modified_gmt":"2023-04-02T20:24:34","slug":"raftrek-pravilnik-o-obradi-osobnih-podataka","status":"publish","type":"page","link":"https:\/\/raftrek.com\/hr\/raftrek-pravilnik-o-obradi-osobnih-podataka\/","title":{"rendered":"Raftrek Pravilnik o obradi osobnih podataka"},"content":{"rendered":"<div class=\"mkdf-container\">\n<div class=\"mkdf-container-inner clearfix\">\n<div class=\"mkdf-grid-row-medium-gutter\">\n<div class=\"mkdf-page-content-holder mkdf-grid-col-12\">\n<div class=\"mkdf-container\">\n<div class=\"mkdf-container-inner clearfix\">\n<div class=\"mkdf-grid-row-medium-gutter\">\n<div class=\"mkdf-page-content-holder mkdf-grid-col-12\">\n<h2>ZA\u0160TITA PRIVATNOSTI<\/h2>\n<p>Ovaj\u00a0Raftrek Pravilnik o obradi osobnih podataka poja\u0161njava kako Raftrek Travel koristi i \u0161titi dane informacije. Raftrek Travel \u00a0je predan zada\u0107i za\u0161tite va\u0161e privatnosti. Ako vas tra\u017eimo da nam date odre\u0111ene podatke, mo\u017eete biti sigurni da \u0107e biti kori\u0161tene isklju\u010divo sukladno ovoj izjavi o za\u0161titi privatnosti i va\u017ee\u010dim propisima <a href=\"https:\/\/raftrek.com\/hr\/uvjeti-poslovanja\/\">Op\u0107ih uvjeta poslovanja<\/a> koji reguliraju to podru\u010dje.<\/p>\n<h4>KOJE PODATKE PRIKUPLJAMO<\/h4>\n<p>Mo\u017eemo prikupljati slijede\u0107e podatke:<\/p>\n<ul>\n<li>ime i prezime<\/li>\n<li>broj telefona i e-mail adresu radi kontakta<\/li>\n<li>lokacija, spol, dr\u017eavljanstvo<\/li>\n<\/ul>\n<p>ostale podatke relevantne za istra\u017eivanja i pobolj\u0161anje ponude.<br \/>\n*(npr. koje proizvode gledate na na\u0161im stranicama, da li koristite sadr\u017eaj na\u0161ih e-mail poruka i sli\u010dno)<\/p>\n<h4>KAKO PRIKUPLJAMO OSOBNE PODATKE<\/h4>\n<ul>\n<li>Prikupljanje podataka na mjestu izvo\u0111enja izleta<\/li>\n<li>Prilikom izrade rezervacije ili ponude, tra\u017eimo od korisnika osobne podatke potrebne za rezervaciju ili ponudu<\/li>\n<li>Prikupljanje podataka putem weba<\/li>\n<li>Na na\u0161im web stranicama prilikom izrade rezervacije ili upita za ponudom, prikupljamo podatke potrebne za izradu rezervacije ili ponude<\/li>\n<li>Klijent nam podatke dostavlja putem obrasca na web stranicama<\/li>\n<\/ul>\n<h4>SVRHA PRIKUPLJANJA OSOBNIH PODATAKA<\/h4>\n<p>Osobne podatke prikupljamo u sljede\u0107e svrhe:<\/p>\n<ul>\n<li>Radi izvr\u0161enja ugovora ili pripreme za izvr\u0161enje ugovora<\/li>\n<li>Osobne podatke prikupljamo kako bismo mogli izvr\u0161iti uslugu prema klijentu ili kako bismo mogli napraviti ponudu za uslugu klijentu<\/li>\n<li>Radi obavje\u0161tavanja korisnika o uslugama i proizvodima<\/li>\n<\/ul>\n<h4>KONTROLIRANJE VA\u0160IH OSOBNIH PODATAKA<\/h4>\n<p>Mo\u017eete odabrati ograni\u010diti prikupljanje ili kori\u0161tenje va\u0161ih osobnih podataka na slijede\u0107e na\u010dine:<\/p>\n<ul>\n<li>kad god vas pitamo da popunite obrazac na internet stranici, potra\u017eite opciju koju mo\u017eete zabilje\u017eiti zahtjevaju\u0107i da ne \u017eelite da dana informacija bude kori\u0161tena od bilo koga za namjene direktne promid\u017ebe<\/li>\n<li>ako ste se ranije slo\u017eili te nam dozvolili da koristimo Va\u0161e podatke za potrebe direknte promid\u017ebe, mo\u017eete se predomisliti u bilo kojem trenutku na na\u010din da nam po\u0161aljete e-mail poruku sa va\u0161im zahtjevom na na\u0161u e-mail adresu <a href=\"mailto:newsletter@raftrek.com\">newsletter@raftrek.com<\/a>. Tako\u0111er svaka promid\u017ebena poruka upu\u0107ena iz na\u0161eg sustava ima mogu\u0107nost jednostavnog otkazivanja primanja takvih poruka samo pomo\u0107u jednog klika na prilo\u017eenu poveznicu.<\/li>\n<\/ul>\n<p>Ne\u0107emo prodavati, distribuirati ili iznajmiljivati va\u0161e osobne podatke tre\u0107im stranama dok nemamo Va\u0161u dozvolu ili ako bude od nas zatra\u017eeno od strane dr\u017eavnih tijela sukladno propisima.<\/p>\n<h4>PROSLJE\u0110IVANJE PODATAKA TRE\u0106IM STRANAMA<\/h4>\n<p>Podatke proslje\u0111ujemo tre\u0107oj strani kad je to potrebno da bismo klijentu pru\u017eili ugovorenu uslugu ili tra\u017eene informacije. To na primjer uklju\u010duje slanje podataka klijenta hotelu ili prijevozniku, kada je to potrebno da bi se izvr\u0161ila usluga ili napravila ponuda za uslugu.<\/p>\n<p>Kada za obavljanje pojedinih poslova anga\u017eiramo podizvo\u0111a\u010de.<\/p>\n<p>Mo\u017eete zatra\u017eiti detalje o podacima koje imamo o vama. Obratite se na e-mail adresu <a href=\"mailto:newsletter@raftrek.com\">newsletter@raftrek.com<\/a>.<\/p>\n<p>Ako smatrate da je bilo koja informacija koju \u010duvamo pogre\u0161na ili nepotpuna molimo pi\u0161ite nam na gore navedenu adresu. Bez odgode \u0107emo ispraviti informaciju za koju utvrdimo da nije to\u010dna.<\/p>\n<h4>SIGURNOST<\/h4>\n<p>Predani smo zada\u0107i osiguranja sigurnosti informacija. Provedene su i stalno se provode sve fizi\u010dke, elektroni\u010dke i upravlja\u010dke procedure s ciljem onemogu\u0107avanja neovla\u0161tenog pristupa ili objave podataka koje prikupljamo na ovom internet mjestu.<\/p>\n<\/div>\n<\/div>\n<\/div>\n<\/div>\n<\/div>\n<\/div>\n<\/div>\n<\/div>\n","protected":false},"excerpt":{"rendered":"<p>ZA\u0160TITA PRIVATNOSTI Ovaj\u00a0Raftrek Pravilnik o obradi osobnih podataka poja\u0161njava kako Raftrek Travel koristi i \u0161titi dane informacije. Raftrek Travel \u00a0je predan zada\u0107i za\u0161tite va\u0161e privatnosti. Ako vas tra\u017eimo da nam date odre\u0111ene podatke, mo\u017eete biti sigurni da \u0107e biti kori\u0161tene isklju\u010divo sukladno ovoj izjavi o za\u0161titi privatnosti i va\u017ee\u010dim propisima Op\u0107ih uvjeta poslovanja koji reguliraju [&hellip;]<\/p>\n","protected":false},"author":1,"featured_media":0,"parent":0,"menu_order":33,"comment_status":"closed","ping_status":"closed","template":"","meta":{"_acf_changed":false,"footnotes":""},"class_list":["post-1503","page","type-page","status-publish","hentry"],"acf":[],"_links":{"self":[{"href":"https:\/\/raftrek.com\/hr\/wp-json\/wp\/v2\/pages\/1503","targetHints":{"allow":["GET"]}}],"collection":[{"href":"https:\/\/raftrek.com\/hr\/wp-json\/wp\/v2\/pages"}],"about":[{"href":"https:\/\/raftrek.com\/hr\/wp-json\/wp\/v2\/types\/page"}],"author":[{"embeddable":true,"href":"https:\/\/raftrek.com\/hr\/wp-json\/wp\/v2\/users\/1"}],"replies":[{"embeddable":true,"href":"https:\/\/raftrek.com\/hr\/wp-json\/wp\/v2\/comments?post=1503"}],"version-history":[{"count":1,"href":"https:\/\/raftrek.com\/hr\/wp-json\/wp\/v2\/pages\/1503\/revisions"}],"predecessor-version":[{"id":1504,"href":"https:\/\/raftrek.com\/hr\/wp-json\/wp\/v2\/pages\/1503\/revisions\/1504"}],"wp:attachment":[{"href":"https:\/\/raftrek.com\/hr\/wp-json\/wp\/v2\/media?parent=1503"}],"curies":[{"name":"wp","href":"https:\/\/api.w.org\/{rel}","templated":true}]}}