{"id":1483,"date":"2023-04-02T22:08:54","date_gmt":"2023-04-02T20:08:54","guid":{"rendered":"https:\/\/raftrek.com\/insurance-policy\/"},"modified":"2024-02-28T15:08:30","modified_gmt":"2024-02-28T14:08:30","slug":"polica-osiguranja","status":"publish","type":"page","link":"https:\/\/raftrek.com\/hr\/polica-osiguranja\/","title":{"rendered":"Polica  osiguranja"},"content":{"rendered":"<p>Policu putnog osiguranja i osiguranja od otkaza mo\u017eete napraviti u na\u0161oj agenciji prilikom uplate \u017eeljenog aran\u017emana. Putno osiguranje namijenjeno je ne samo osobama sa stalnim prebivali\u0161tem u Republici Hrvatskoj kada putuju u inozemstvo nego i stranim posjetiteljima na podru\u010dju RH. Mo\u017ee se ugovoriti u trajanju od najmanje 1 do najvi\u0161e 365 dana i za strane posjetitelje obavezno je ugovoriti dragovoljno zdravstveno osiguranje, a kao dopunsko mogu\u0107e je ugovoriti osiguranje prtljage po izboru stranog posjetitelja.<\/p>\n<p>Kod ugovaranja putnog osiguranja, obvezno je ugovoriti dragovoljno zdravstveno osiguranje za vrijeme puta i boravka u inozemstvu, a ostala dopunska osiguranja (osiguranje od nezgode, osiguranje prtljage i osiguranje otkaza putovanja) ugovaraju se po izboru osiguranika.<\/p>\n<p>&nbsp;<\/p>\n<p><img decoding=\"async\" class=\"aligncenter w-100\" src=\"https:\/\/raftrek.com\/wp-content\/uploads\/2023\/04\/Waterfalls-on-Mreznica-river.jpg\" alt=\"\"><\/p>\n<h4><\/h4>\n<h4>Euroherc osiguranje<\/h4>\n<p><a href=\"http:\/\/www.euroherc.hr\/\" target=\"_blank\" rel=\"noopener noreferrer\">Euroherc osiguranje d.d.<\/a> prva je i najve\u0107a osiguravateljna tvrtka osnovana 1992. g. privatnim kapitalom. Tvrtka je u potpunosti u vlasni\u0161tvu hrvatskih gra\u0111ana, a danas zapo\u0161ljava vi\u0161e od 1000 djelatnika. U ponudi Dru\u0161tva nalaze se sve vrste ne\u017eivotnih osiguranja. Euroherc posluje putem svojih 14 moderno opremljenih podru\u017enica i vi\u0161e od 600 prodajnih mjesta, \u010dime je stvorena odli\u010dno formirana mre\u017ea kojom je pokrivena cijela zemlja. Biti pouzdan partner, imati vjernog i zadovoljnog osiguranika prioritet je Dru\u0161tva.<\/p>\n<p>Stoga su sve aktivnosti Euroherca usmjerene prema pru\u017eanju \u0161to kvalitetnije usluge i razvoju novih osiguravateljnih proizvoda. Ove prednosti, zajedno sa stalnim unapre\u0111enjem kvalitete svojih proizvoda, \u0161irenjem njihove palete u skladu s trendovima u svijetu, \u0161irenjem prodajne mre\u017ee i ekspeditivnog rje\u0161avanja od\u0161tetnih zahtjeva osigurale su Eurohercu stalnu prisutnost u samom vrhu industrije osiguranja u Hrvatskoj.<\/p>\n<p>&nbsp;<\/p>\n<h4>Op\u0107i podaci:<\/h4>\n<p>Euroherc osiguranje d.d.<br \/>\nSjedi\u0161te: Zagreb, Ulica grada Vukovara 282<br \/>\nOIB: 22694857747<br \/>\nMBS: 060012147, Trgova\u010dki sud u Zagrebu<br \/>\n\u017dirora\u010dun broj: 2481000-1100100492, Agram banka d.d.<br \/>\nIBAN: HR7524810001100100492<br \/>\nTemeljni kapital Dru\u0161tva: EUR 7.930.260,00 (305.010 dionica).<br \/>\nNominalna vrijednost svake dionice: EUR 26,00.<\/p>\n<p>&nbsp;<\/p>\n","protected":false},"excerpt":{"rendered":"<p>Policu putnog osiguranja i osiguranja od otkaza mo\u017eete napraviti u na\u0161oj agenciji prilikom uplate \u017eeljenog aran\u017emana. Putno osiguranje namijenjeno je ne samo osobama sa stalnim prebivali\u0161tem u Republici Hrvatskoj kada putuju u inozemstvo nego i stranim posjetiteljima na podru\u010dju RH. Mo\u017ee se ugovoriti u trajanju od najmanje 1 do najvi\u0161e 365 dana i za strane [&hellip;]<\/p>\n","protected":false},"author":1,"featured_media":0,"parent":0,"menu_order":12,"comment_status":"closed","ping_status":"closed","template":"","meta":{"_acf_changed":false,"footnotes":""},"class_list":["post-1483","page","type-page","status-publish","hentry"],"acf":[],"_links":{"self":[{"href":"https:\/\/raftrek.com\/hr\/wp-json\/wp\/v2\/pages\/1483","targetHints":{"allow":["GET"]}}],"collection":[{"href":"https:\/\/raftrek.com\/hr\/wp-json\/wp\/v2\/pages"}],"about":[{"href":"https:\/\/raftrek.com\/hr\/wp-json\/wp\/v2\/types\/page"}],"author":[{"embeddable":true,"href":"https:\/\/raftrek.com\/hr\/wp-json\/wp\/v2\/users\/1"}],"replies":[{"embeddable":true,"href":"https:\/\/raftrek.com\/hr\/wp-json\/wp\/v2\/comments?post=1483"}],"version-history":[{"count":6,"href":"https:\/\/raftrek.com\/hr\/wp-json\/wp\/v2\/pages\/1483\/revisions"}],"predecessor-version":[{"id":42580,"href":"https:\/\/raftrek.com\/hr\/wp-json\/wp\/v2\/pages\/1483\/revisions\/42580"}],"wp:attachment":[{"href":"https:\/\/raftrek.com\/hr\/wp-json\/wp\/v2\/media?parent=1483"}],"curies":[{"name":"wp","href":"https:\/\/api.w.org\/{rel}","templated":true}]}}