{"id":1450,"date":"2023-04-02T21:58:10","date_gmt":"2023-04-02T19:58:10","guid":{"rendered":"https:\/\/raftrek.com\/?page_id=1450"},"modified":"2024-02-28T15:10:58","modified_gmt":"2024-02-28T14:10:58","slug":"nacini-placanja","status":"publish","type":"page","link":"https:\/\/raftrek.com\/hr\/nacini-placanja\/","title":{"rendered":"Na\u010dini pla\u0107anja"},"content":{"rendered":"<h1 class=\"uk-article-title\">RAFTREK TRAVEL NA\u010cINI PLA\u0106ANJA<\/h1>\n<p>Nudimo dva oblika pla\u0107anja koja mo\u017eete koristiti prilikom rezerviranja Va\u0161eg odmora. Nakon \u0161to izaberete jedno od Raftrek Travel na\u010dina pla\u0107anja te nakon \u0161to zaprimimo uplatu, poslat \u0107emo Vam ra\u010dun putem e-maila.<\/p>\n<h4><strong>1. Online pla\u0107anje \u2013 karticama<\/strong><\/h4>\n<p>Na\u0161 online sustav omogu\u0107ava jednostavno zaprimanje uplata. Ovo je verzija internet pla\u0107anja koja je potpuno tajna i sigurna. Nakon \u0161to unesete podatke o kreditnoj kartici (Diners, Visa ili MasterCard) na utvr\u0111eni iznos, pla\u0107anje je izvr\u0161eno. Nakon potvrde o primitku novca na na\u0161 ra\u010dun, \u0161aljemo Vam ra\u010dun putem e-maila. Pla\u0107anja su sigurno i trenutno obra\u0111ena putem online platne platforme. Dobit \u0107ete potvrdu o pla\u0107anju i rezervaciju putem e-maila.<\/p>\n<p>Sva pla\u0107anja biti \u0107e izvr\u0161ena u Eurima. Iznos na koji \u0107e se teretiti Va\u0161a kreditna kartica se dobiva kroz pretvaranje cijene iz eura u kune prema sredi\u0161njem te\u010daju Hrvatske narodne banke.\u00a0 Prilikom tere\u0107enja Va\u0161e kreditne kartice, isti iznos se pretvara u Va\u0161u lokalnu valutu prema te\u010daju udruga kreditne kartice. Kao rezultat ove konverzije postoji mogu\u0107nost odstupanja od originalne cijene navedene na na\u0161oj web stranici.<\/p>\n<h4><strong>2. Online pla\u0107anje \u2013 Revolut<\/strong><\/h4>\n<p>Ako je Va\u0161 izbor za online pla\u0107anje Revolut, molimo Vas da uplatu izvr\u0161ite koriste\u0107i na\u0161 e-mail <strong>info@raftrek.com<\/strong> ili broj telefona <strong>+385913130010.<\/strong><\/p>\n<p>Revolut nudi bankarske usluge koje su sigunre i jednostavne za kori\u0161tenje. Online prijenos novca slu\u017ei kao elektroni\u010dka alternativa tradicionalnim metodama rada, kao \u0161to su \u010dekovi i uplatnice. Va\u0161 Revolut ra\u010dun \u0107e biti tere\u010den za iznos izleta, a naplata se mo\u017ee izvr\u0161iti u Kunama, Eurima, Dolarima ili Funtama. Ra\u010dun i potvrda rezervacije \u0107e Vam sti\u0107i na mail adresu povezanu s Revolut ra\u010dunom nakon vidljive uplate.<\/p>\n<h4><strong>3. Bankovno pla\u0107anje<\/strong><\/h4>\n<p><strong>Bankovno pla\u0107anje, transakcijsko pla\u0107anje<\/strong> ili <strong>kreditno pla\u0107anje<\/strong> je na\u010din elektroni\u010dkog preno\u0161enja novca s jedne fizi\u010dke ili pravne osobe na drugu. Bankovno pla\u0107anje je slanje novca s jednog bankovnog ra\u010duna na drugi bilo gdje na svijetu. Prednosti bankovnog pla\u0107anja su ta \u0161to ne morate \u010dekati da ne\u0161to stigne po\u0161tom, a sredstva su dostupna odmah po primitku uplate.<\/p>\n<p><strong>Podaci za bankovno pla\u0107anje:<br \/>\n<\/strong>Privredna Banka Zagreb d.d,<br \/>\nRadni\u010dka cesta 50, 10 000 Zagreb, Hrvatska<br \/>\n<strong>SWIFT<\/strong>: PBZGHR2X<br \/>\n<strong>IBAN<\/strong>: HR89 2340 0091 1104 61708<\/p>\n<p><strong>Za primatelja:<br \/>\n<\/strong>Raftrek Travel d.o.o.<br \/>\nVrbani 17<br \/>\nHR-10 000 Zagreb<\/p>\n<h4>\u0160to su SSL Certifikati?<\/h4>\n<p>Sva pla\u0107anja kreditnim karticama su SIGURNA i ZA\u0160TI\u0106ENA najvi\u0161om mogu\u0107om razinom sigurnosti koju pru\u017eaju SSL Certifikati. SSL Certifikati (ponekad se zovu i digitalni certifikati) koriste se za uspostavljanje sigurne kodirane veze izme\u0111u preglednika (korisnikovog ra\u010dunala) i poslu\u017eitelja (web stranice). SSL veza \u0161titi povjerljive podatke kao \u0161to su podaci o kreditnoj kartici razmijenjeni tijekom svakog posjeta (sesije).<\/p>\n<p>SSL certifikat je najbr\u017ei i najisplativiji na\u010din kojim internetsko prodajno mjesto mo\u017ee za\u0161tititi transakcije svojih kupaca. Svaki certifikat dolazi u obliku paketa, \u0161to ih \u010dini savr\u0161enim za male i tvrtke srednje veli\u010dine. SSL zna\u010di da \u0107e Va\u0161a stranica imati najvi\u0161u razinu sigurnosti, a tako\u0111er \u0107ete dobiti dodatne alate koji \u0107e pove\u0107ati povjerenje kupaca zbog najvi\u0161ih mogu\u0107ih razina sigurnosti.<\/p>\n","protected":false},"excerpt":{"rendered":"<p>RAFTREK TRAVEL NA\u010cINI PLA\u0106ANJA Nudimo dva oblika pla\u0107anja koja mo\u017eete koristiti prilikom rezerviranja Va\u0161eg odmora. Nakon \u0161to izaberete jedno od Raftrek Travel na\u010dina pla\u0107anja te nakon \u0161to zaprimimo uplatu, poslat \u0107emo Vam ra\u010dun putem e-maila. 1. Online pla\u0107anje \u2013 karticama Na\u0161 online sustav omogu\u0107ava jednostavno zaprimanje uplata. Ovo je verzija internet pla\u0107anja koja je potpuno [&hellip;]<\/p>\n","protected":false},"author":1,"featured_media":1451,"parent":0,"menu_order":21,"comment_status":"closed","ping_status":"closed","template":"","meta":{"_acf_changed":false,"footnotes":""},"class_list":["post-1450","page","type-page","status-publish","has-post-thumbnail","hentry"],"acf":[],"_links":{"self":[{"href":"https:\/\/raftrek.com\/hr\/wp-json\/wp\/v2\/pages\/1450","targetHints":{"allow":["GET"]}}],"collection":[{"href":"https:\/\/raftrek.com\/hr\/wp-json\/wp\/v2\/pages"}],"about":[{"href":"https:\/\/raftrek.com\/hr\/wp-json\/wp\/v2\/types\/page"}],"author":[{"embeddable":true,"href":"https:\/\/raftrek.com\/hr\/wp-json\/wp\/v2\/users\/1"}],"replies":[{"embeddable":true,"href":"https:\/\/raftrek.com\/hr\/wp-json\/wp\/v2\/comments?post=1450"}],"version-history":[{"count":4,"href":"https:\/\/raftrek.com\/hr\/wp-json\/wp\/v2\/pages\/1450\/revisions"}],"predecessor-version":[{"id":42582,"href":"https:\/\/raftrek.com\/hr\/wp-json\/wp\/v2\/pages\/1450\/revisions\/42582"}],"wp:featuredmedia":[{"embeddable":true,"href":"https:\/\/raftrek.com\/hr\/wp-json\/wp\/v2\/media\/1451"}],"wp:attachment":[{"href":"https:\/\/raftrek.com\/hr\/wp-json\/wp\/v2\/media?parent=1450"}],"curies":[{"name":"wp","href":"https:\/\/api.w.org\/{rel}","templated":true}]}}