{"id":1445,"date":"2023-04-02T21:35:43","date_gmt":"2023-04-02T19:35:43","guid":{"rendered":"https:\/\/raftrek.com\/o-nama\/responsible-tourism\/"},"modified":"2023-04-14T02:35:13","modified_gmt":"2023-04-14T00:35:13","slug":"selektivni-turizam","status":"publish","type":"page","link":"https:\/\/raftrek.com\/hr\/o-nama\/selektivni-turizam\/","title":{"rendered":"Selektivni turizam"},"content":{"rendered":"<div class=\"mkdf-page-content-holder mkdf-grid-col-9\">\n<p>Selektivni turizam je na\u010din kojim Raftrek ula\u017ee zna\u010dajan trud da u odre\u0111enim, manje razvijenim regijama i podru\u010djima donese korist lokalnim zajednicama, zbog odanosti odgovornom putovanju. Nastojimo ostaviti \u0161to manje posljedica na mjestima kojima se kre\u0107emo, te vjerujemo u odabir na\u010dina putovanja manje \u0161tetnih za okolinu kojim ujedno \u010duvamo prirodu i kulturu mjesta kojeg posje\u0107ujemo.<\/p>\n<p>Svi pojedina\u010dno u Raftrek-u strastveno smo vezani za mjesta koja posje\u0107ujemo. Zala\u017eemo se i predani smo projektiranju i provo\u0111enju na\u0161ih izleta na na\u010din da pove\u0107amo pozitivni u\u010dinak turizma na lokalnu ekonomiju, kulturu i okoli\u0161, paralelno smanjuju\u0107i bilo kakav negativan utjecaj. Postoji nekoliko na\u010dina na kojima radimo na tome. Sudjelovanjem u bilo kojem od na\u0161ih izleta pridonijet \u0107ete oporavku regija koje su bile te\u0161ko pogo\u0111ene ratom, i stoga je njihov oporavak dugotrajan i spor proces, no na ovaj na\u010din unosimo kapital, prihod i rad u te zaba\u010dene Hrvatske krajeve.<\/p>\n<p>&nbsp;<\/p>\n<h4>Odgovorni i selektivni turizam u Hrvatskoj<\/h4>\n<p>Svi Raftrek vodi\u010di su obu\u010deni da njihov utjecaj na okoli\u0161 bude minimalan, ali da ne umanjuju Va\u0161e iskustvo kao gosta. Vodi\u010di prakticiraju tehniku \u201eLeave No Trace\u201c \u0161to u prenesenom zna\u010denju podrazumijeva ne ostavljaj sme\u0107e, niti zaga\u0111uj za sobom, tako\u0111er recikliraju gdje god je to mogu\u0107e i doniraju ostatak hrane manje razvijenim zajednicama. Svi na\u0161i izleti organizirani su tako da osiguravaju lokalnom stanovni\u0161tvu najvi\u0161e koristi u obliku novih radnih mjesta i usluga, te otkupa njihovih poljoprivrednih proizvoda.<\/p>\n<p>Smatramo da je na\u0161a odgovornost odr\u017eavanje i o\u010duvanje integriteta ove mlade zemlje uvo\u0111enjem ja\u010dih kontrola nad upotrebom zemljanih prirodnih resursa. Raftrek nudi druga\u010diju perspektivu za putnike pru\u017eaju\u0107i vi\u0161e autenti\u010dna putovanja koja omogu\u0107uju pravo iskustvo, te do\u017eivljaj destinacije dok ujedno pridonosi dobrobiti i o\u010duvanju tih podru\u010dja.<\/p>\n<\/div>\n","protected":false},"excerpt":{"rendered":"<p>Odgovorni i selektivni turizam u Hrvatskoj<\/p>\n","protected":false},"author":1,"featured_media":39318,"parent":1331,"menu_order":38,"comment_status":"closed","ping_status":"closed","template":"page-custom.php","meta":{"_acf_changed":false,"footnotes":""},"class_list":["post-1445","page","type-page","status-publish","has-post-thumbnail","hentry"],"acf":[],"_links":{"self":[{"href":"https:\/\/raftrek.com\/hr\/wp-json\/wp\/v2\/pages\/1445","targetHints":{"allow":["GET"]}}],"collection":[{"href":"https:\/\/raftrek.com\/hr\/wp-json\/wp\/v2\/pages"}],"about":[{"href":"https:\/\/raftrek.com\/hr\/wp-json\/wp\/v2\/types\/page"}],"author":[{"embeddable":true,"href":"https:\/\/raftrek.com\/hr\/wp-json\/wp\/v2\/users\/1"}],"replies":[{"embeddable":true,"href":"https:\/\/raftrek.com\/hr\/wp-json\/wp\/v2\/comments?post=1445"}],"version-history":[{"count":3,"href":"https:\/\/raftrek.com\/hr\/wp-json\/wp\/v2\/pages\/1445\/revisions"}],"predecessor-version":[{"id":39378,"href":"https:\/\/raftrek.com\/hr\/wp-json\/wp\/v2\/pages\/1445\/revisions\/39378"}],"up":[{"embeddable":true,"href":"https:\/\/raftrek.com\/hr\/wp-json\/wp\/v2\/pages\/1331"}],"wp:featuredmedia":[{"embeddable":true,"href":"https:\/\/raftrek.com\/hr\/wp-json\/wp\/v2\/media\/39318"}],"wp:attachment":[{"href":"https:\/\/raftrek.com\/hr\/wp-json\/wp\/v2\/media?parent=1445"}],"curies":[{"name":"wp","href":"https:\/\/api.w.org\/{rel}","templated":true}]}}