{"id":1382,"date":"2023-04-02T20:37:22","date_gmt":"2023-04-02T18:37:22","guid":{"rendered":"https:\/\/raftrek.com\/o-nama\/raftrek-guides\/"},"modified":"2023-04-14T00:55:57","modified_gmt":"2023-04-13T22:55:57","slug":"raftrek-vodici","status":"publish","type":"page","link":"https:\/\/raftrek.com\/hr\/o-nama\/raftrek-vodici\/","title":{"rendered":"Raftrek vodi\u010di"},"content":{"rendered":"<p>Putujte s nama i upoznat \u0107ete odabrano mjesto kao dlan svoje ruke. Samo lokalni vodi\u010d mo\u017ee ponuditi takav osobni pristup u skrivene regije Hrvatske. Slijedite na\u0161e vodi\u010de daleko od uga\u017eenog puta i otkrit \u0107ete neo\u010dekivano. Odli\u010dne ljudske vje\u0161tine, odgovornost za planiranje, pripremu i provo\u0111enje aktivnosti, strpljenje i talent zajedni\u010dke su osobnosti na\u0161im vodi\u010dima.<\/p>\n<p>&nbsp;<\/p>\n<h4>Upoznajte\u00a0Raftrek vodi\u010de<\/h4>\n<p>Iskusni u putovanjima, usavr\u0161enog lokalnog znanja i visoko obrazovani, oni \u0107e vam otkriti prirodnu ljepotu, kulturu i povijest mjesta. Kao \u0161to je dobra komunikacija bitna za \u017eivot, tako je i bitna za osje\u0107aj ugodnosti na putovanju u inozemstvu. Nudimo vam engleske, njema\u010dke, \u0161panjolske i francuske govornike, me\u0111utim, sve znanje i iskustvo u svijetu ponekad nije dovoljno, ali tu je svijet istine i ljepote koji \u010deka na vas izvan granica tiskanog vodi\u010da. I na kraju, jednako va\u017eno nudimo vodi\u010dima te\u010dajeve za prvu pomo\u0107 i upute za mjere predostro\u017enosti i sigurnosti svih sudionika putovanja. Ujedno na\u0161 kolega Davor Kos licencirani IRF (Internacionalna Rafting Federacija) instruktor ovla\u0161ten je izdavati licence za vodi\u010de na hrvatskim rijekama.<\/p>\n","protected":false},"excerpt":{"rendered":"<p>ENTUZIJASTI U SVEMU \u0160TO RADE<\/p>\n","protected":false},"author":1,"featured_media":1380,"parent":1331,"menu_order":32,"comment_status":"closed","ping_status":"closed","template":"page-team.php","meta":{"_acf_changed":false,"footnotes":""},"class_list":["post-1382","page","type-page","status-publish","has-post-thumbnail","hentry"],"acf":[],"_links":{"self":[{"href":"https:\/\/raftrek.com\/hr\/wp-json\/wp\/v2\/pages\/1382","targetHints":{"allow":["GET"]}}],"collection":[{"href":"https:\/\/raftrek.com\/hr\/wp-json\/wp\/v2\/pages"}],"about":[{"href":"https:\/\/raftrek.com\/hr\/wp-json\/wp\/v2\/types\/page"}],"author":[{"embeddable":true,"href":"https:\/\/raftrek.com\/hr\/wp-json\/wp\/v2\/users\/1"}],"replies":[{"embeddable":true,"href":"https:\/\/raftrek.com\/hr\/wp-json\/wp\/v2\/comments?post=1382"}],"version-history":[{"count":3,"href":"https:\/\/raftrek.com\/hr\/wp-json\/wp\/v2\/pages\/1382\/revisions"}],"predecessor-version":[{"id":39342,"href":"https:\/\/raftrek.com\/hr\/wp-json\/wp\/v2\/pages\/1382\/revisions\/39342"}],"up":[{"embeddable":true,"href":"https:\/\/raftrek.com\/hr\/wp-json\/wp\/v2\/pages\/1331"}],"wp:featuredmedia":[{"embeddable":true,"href":"https:\/\/raftrek.com\/hr\/wp-json\/wp\/v2\/media\/1380"}],"wp:attachment":[{"href":"https:\/\/raftrek.com\/hr\/wp-json\/wp\/v2\/media?parent=1382"}],"curies":[{"name":"wp","href":"https:\/\/api.w.org\/{rel}","templated":true}]}}