{"id":1367,"date":"2023-04-02T20:06:16","date_gmt":"2023-04-02T18:06:16","guid":{"rendered":"https:\/\/raftrek.com\/o-nama\/raftrek-team\/"},"modified":"2025-07-18T14:33:52","modified_gmt":"2025-07-18T12:33:52","slug":"raftrek-tim","status":"publish","type":"page","link":"https:\/\/raftrek.com\/hr\/o-nama\/raftrek-tim\/","title":{"rendered":"Raftrek Adventure Team"},"content":{"rendered":"<h1 class=\"f700 fxxl\">Neki to zovu poslom. Za nas,<\/h1>\n<h1 class=\"f700 fxxl\">ovo je poziv<\/h1>\n<p>Raftrek Adventure Team \u010diji \u010dlanovi su entuzijasti u svemu \u0161to rade i stru\u010dnjaci razli\u010ditih podru\u010dja, u rasponu od ra\u010dunala i komunikacija, marketinga i ekologije, turizma, te sportova na otvorenom. Ujedinila nas je na\u0161a strast prema prirodi, putovanjima i <a href=\"https:\/\/raftrek.com\/hr\/o-nama\/selektivni-turizam\/\">po\u0161tivanju okoli\u0161a<\/a>. Velika mje\u0161avina razli\u010ditih iskustava je ono \u0161to dijelimo u Raftrek-u; od dugogodi\u0161njih rafting vesla\u010da na divljim vodama, instruktora, biciklista, planinara i \u0161eta\u010da, alpinista, do ljubitelja skijanja i snowboardinga.<\/p>\n<h2>Upoznajte Raftrek Adventure Team<\/h2>\n<p>Svako Raftrek putovanje po\u010dinje zapo\u010dinje kontaktom s na\u0161im \u010dlanovima tima. Kada nas zovete ili nam pi\u0161ete, dobijete osobno iskustvo na\u0161ih izleta. Ne samo da \u0107e Vam Raftrek uredski tim re\u0107i \u0161to ponijeti i kako se pripremiti za nadolaze\u0107u pustolovinu, nego \u0107e tako\u0111er podijeliti s vama svoje iskustvo i strast koju ve\u017eu za pojedinu destinaciju, te vas uputiti u aktivnosti. Iskusni smo putnici, <em>insajderi<\/em> na destinacijama, te visoko obrazovani. \u010clanovi na\u0161eg tima redovno obnavljaju svoje licence za prvu pomo\u0107 i sudjeluju na seminarima o sigurnosti na nepristupa\u010dnom terenu, ali i za razne aktivnosti. Ve\u0107ina Raftrek vodi\u010da posjeduje IRF licencu (<a href=\"https:\/\/www.internationalrafting.com\/\" target=\"_blank\" rel=\"noopener\">International Rafting Federation<\/a>) za razli\u010dite divlje vode. Uvjerite se koliko su na\u0161a iskustva, znanja i pa\u017enja apsolutno posve\u0107ene na detalje da bi Va\u0161e putovanje bilo najbolje dosad.<\/p>\n","protected":false},"excerpt":{"rendered":"<p>ENTUZIJASTI U SVEMU \u0160TO RADE<\/p>\n","protected":false},"author":1,"featured_media":46642,"parent":1331,"menu_order":26,"comment_status":"closed","ping_status":"closed","template":"page-team.php","meta":{"_acf_changed":false,"footnotes":""},"class_list":["post-1367","page","type-page","status-publish","has-post-thumbnail","hentry"],"acf":[],"_links":{"self":[{"href":"https:\/\/raftrek.com\/hr\/wp-json\/wp\/v2\/pages\/1367","targetHints":{"allow":["GET"]}}],"collection":[{"href":"https:\/\/raftrek.com\/hr\/wp-json\/wp\/v2\/pages"}],"about":[{"href":"https:\/\/raftrek.com\/hr\/wp-json\/wp\/v2\/types\/page"}],"author":[{"embeddable":true,"href":"https:\/\/raftrek.com\/hr\/wp-json\/wp\/v2\/users\/1"}],"replies":[{"embeddable":true,"href":"https:\/\/raftrek.com\/hr\/wp-json\/wp\/v2\/comments?post=1367"}],"version-history":[{"count":19,"href":"https:\/\/raftrek.com\/hr\/wp-json\/wp\/v2\/pages\/1367\/revisions"}],"predecessor-version":[{"id":46728,"href":"https:\/\/raftrek.com\/hr\/wp-json\/wp\/v2\/pages\/1367\/revisions\/46728"}],"up":[{"embeddable":true,"href":"https:\/\/raftrek.com\/hr\/wp-json\/wp\/v2\/pages\/1331"}],"wp:featuredmedia":[{"embeddable":true,"href":"https:\/\/raftrek.com\/hr\/wp-json\/wp\/v2\/media\/46642"}],"wp:attachment":[{"href":"https:\/\/raftrek.com\/hr\/wp-json\/wp\/v2\/media?parent=1367"}],"curies":[{"name":"wp","href":"https:\/\/api.w.org\/{rel}","templated":true}]}}