{"id":1331,"date":"2023-04-02T19:50:10","date_gmt":"2023-04-02T17:50:10","guid":{"rendered":"https:\/\/raftrek.com\/about-raftrek-adventure-travel\/"},"modified":"2025-09-03T14:01:23","modified_gmt":"2025-09-03T12:01:23","slug":"o-nama","status":"publish","type":"page","link":"https:\/\/raftrek.com\/hr\/o-nama\/","title":{"rendered":"O nama"},"content":{"rendered":"<div class=\"wpb_text_column wpb_content_element \">\n<div class=\"wpb_wrapper\">\n<h2>Raftrek Adventure Travel \u0107e vam pomo\u0107i planirati<\/h2>\n<p>Turisti\u010dka agencija Raftrek Adventure Travel je osnovana 2011. godine, me\u0111utim, svoj tim je formirala iz razli\u010ditih \u010dlanova i entuzijasta iz putni\u010dke industrije koji su polirali svoje vje\u0161tine u drugim tvrtkama mnogi niz godina. Svi \u010dlanovi Raftrek tima dijele duboku strast za putovanjima, upoznavanjem stranih kultura i o\u010duvanjem okoli\u0161a. Na\u0161a ljubav prema prirodi i otvorenom definirala nas je u ono \u0161to smo danas.<\/p>\n<p>&nbsp;<\/p>\n<h4>Upoznajte Hrvatsku iz druge perspektive<\/h4>\n<p>Specijalizirani smo za pustolovna putovanja, niz jednodnevnih aktivnosti ili vi\u0161ednevnih izleta koji su dobro uravnote\u017eena mje\u0161avina prirode, aktivnosti i kulture. Mi radimo stvari druga\u010dije \u2013 daleko od gomile masovnog turizma. Izazvat \u0107emo vas fizi\u010dki, da otkrijete i prepoznate \u010de\u017enju za avanturom, te duh timskog rada. To je ono \u0161to nas pokre\u0107e u potrazi za udaljenim i neistra\u017eenim dijelovima na\u0161e nevjerojatne zemlje \u2013 pje\u0161ice, s veslima ili na bilo koji na\u010din koji nas spaja s nezaboravnim krajolikom oko nas.<\/p>\n<p>Filozofija je vrlo jednostavna \u2013 svaki Raftrek izlet je jedinstvena vrsta avanture dobro isplanirana od strane Raftrek tima. Nakon 10 godina prakse, usavr\u0161ili smo zanat stvaranja i isporuke velikog iskustva i usluge u okviru Hrvatske. Od trenutka kada zaprimimo Va\u0161 upit o putovanju dok se ne vratite ku\u0107i, olak\u0161avamo Va\u0161e pripreme putovanja. Tijekom va\u0161eg odmora, brinemo se za logistiku i druge detalje, tako da se mo\u017eete usredoto\u010diti na zabavu i opu\u0161tanje. Na\u0161 san je osigurati da ideje i putovanja iz snova budu ograni\u010deni samo okvirima ma\u0161te, te da na\u0161 gost \u017eivi svoj san zabavljaju\u0107i se!<\/p>\n<p>&nbsp;<\/p>\n<h4>Turisti\u010dka agencija Raftrek Adventure Travel je tu za vas.<\/h4>\n<p>Pomo\u0107i \u0107emo vam isplanirati najbolji odmor u Hrvatskoj. Dobro poznamo svoju zemlju, volimo je i \u017eelimo to podijeliti s vama.<\/p>\n<p>&nbsp;<\/p>\n<h4>Vidimo se u Hrvatskoj!<\/h4>\n<\/div>\n<\/div>\n<p>&nbsp;<\/p>\n<style>.embed-container { position: relative; padding-bottom: 56.25%; height: 0; overflow: hidden; max-width: 100%; } .embed-container iframe, .embed-container object, .embed-container embed { position: absolute; top: 0; left: 0; width: 100%; height: 100%; }<\/style>\n<div class=\"embed-container\"><iframe src=\"https:\/\/www.youtube.com\/embed\/7HMNptoFsgU\" frameborder=\"0\" allowfullscreen=\"allowfullscreen\"><\/iframe><\/div>\n","protected":false},"excerpt":{"rendered":"<p>Upoznajte Hrvatsku iz druge perspektive<\/p>\n","protected":false},"author":1,"featured_media":39318,"parent":0,"menu_order":1,"comment_status":"closed","ping_status":"closed","template":"page-about.php","meta":{"_acf_changed":false,"footnotes":""},"class_list":["post-1331","page","type-page","status-publish","has-post-thumbnail","hentry"],"acf":[],"_links":{"self":[{"href":"https:\/\/raftrek.com\/hr\/wp-json\/wp\/v2\/pages\/1331","targetHints":{"allow":["GET"]}}],"collection":[{"href":"https:\/\/raftrek.com\/hr\/wp-json\/wp\/v2\/pages"}],"about":[{"href":"https:\/\/raftrek.com\/hr\/wp-json\/wp\/v2\/types\/page"}],"author":[{"embeddable":true,"href":"https:\/\/raftrek.com\/hr\/wp-json\/wp\/v2\/users\/1"}],"replies":[{"embeddable":true,"href":"https:\/\/raftrek.com\/hr\/wp-json\/wp\/v2\/comments?post=1331"}],"version-history":[{"count":12,"href":"https:\/\/raftrek.com\/hr\/wp-json\/wp\/v2\/pages\/1331\/revisions"}],"predecessor-version":[{"id":46998,"href":"https:\/\/raftrek.com\/hr\/wp-json\/wp\/v2\/pages\/1331\/revisions\/46998"}],"wp:featuredmedia":[{"embeddable":true,"href":"https:\/\/raftrek.com\/hr\/wp-json\/wp\/v2\/media\/39318"}],"wp:attachment":[{"href":"https:\/\/raftrek.com\/hr\/wp-json\/wp\/v2\/media?parent=1331"}],"curies":[{"name":"wp","href":"https:\/\/api.w.org\/{rel}","templated":true}]}}