{"id":45525,"date":"2025-03-05T13:18:56","date_gmt":"2025-03-05T12:18:56","guid":{"rendered":"https:\/\/raftrek.com\/?page_id=45525"},"modified":"2025-03-05T13:44:55","modified_gmt":"2025-03-05T12:44:55","slug":"eu-projekt","status":"publish","type":"page","link":"https:\/\/raftrek.com\/de\/eu-projekt\/","title":{"rendered":"EU-Projekt"},"content":{"rendered":"<h4 data-start=\"18\" data-end=\"138\"><a href=\"https:\/\/raftrek.com\/de\/de_finanziert_von_der_europaeischen_union_rg_pos\/\"><img decoding=\"async\" class=\"aligncenter wp-image-45532 size-large\" src=\"https:\/\/raftrek.com\/wp-content\/uploads\/2025\/03\/DE_Finanziert_von_der_Europaischen_Union_RG_POS-1024x242.png\" alt=\"EU Projekt - Finanziert von der Europ\u00e4ischen Union - NextGenerationEU\" width=\"1024\" height=\"242\" srcset=\"https:\/\/raftrek.com\/wp-content\/uploads\/2025\/03\/DE_Finanziert_von_der_Europaischen_Union_RG_POS-1024x242.png 1024w, https:\/\/raftrek.com\/wp-content\/uploads\/2025\/03\/DE_Finanziert_von_der_Europaischen_Union_RG_POS-300x71.png 300w, https:\/\/raftrek.com\/wp-content\/uploads\/2025\/03\/DE_Finanziert_von_der_Europaischen_Union_RG_POS-768x182.png 768w, https:\/\/raftrek.com\/wp-content\/uploads\/2025\/03\/DE_Finanziert_von_der_Europaischen_Union_RG_POS-1536x363.png 1536w, https:\/\/raftrek.com\/wp-content\/uploads\/2025\/03\/DE_Finanziert_von_der_Europaischen_Union_RG_POS-2048x484.png 2048w\" sizes=\"(max-width: 1024px) 100vw, 1024px\" \/><\/a><\/h4>\n<h4 data-start=\"18\" data-end=\"138\"><\/h4>\n<p>&nbsp;<\/p>\n<h4 data-start=\"18\" data-end=\"138\">Projektname: Raftrek Travel Digitale Strategie 2024 \u2013 Social-Media-Management (Code: NPOO.C1.1.2.R3-I2.01-V2.1410)<\/h4>\n<p>&nbsp;<\/p>\n<p data-start=\"140\" data-end=\"202\"><strong data-start=\"140\" data-end=\"166\">Name des Beg\u00fcnstigten:<\/strong> RAFTREK TRAVEL d.o.o. \u2013 Reiseb\u00fcro<\/p>\n<p data-start=\"204\" data-end=\"696\"><strong data-start=\"204\" data-end=\"231\">Projektzusammenfassung:<\/strong><br data-start=\"231\" data-end=\"234\" \/>Durch dieses Projekt m\u00f6chten wir die Pr\u00e4senz unseres Reiseb\u00fcros in den sozialen Medien optimieren, um die Sichtbarkeit des Unternehmens zu verbessern, die Zielgruppe besser einzubinden und ein st\u00e4rkeres Gesch\u00e4ftswachstum zu f\u00f6rdern. Durch die effektive Nutzung verschiedener Social-Media-Plattformen ist es unser Ziel, eine breitere Zielgruppe zu erreichen, st\u00e4rkere Verbindungen aufzubauen und letztendlich die Anzahl der Buchungen und den Umsatz zu steigern.<\/p>\n<p data-start=\"698\" data-end=\"816\"><strong data-start=\"698\" data-end=\"722\">Gesamtprojektkosten:<\/strong> 4.500,00 \u20ac<\/p>\n<p data-start=\"698\" data-end=\"816\"><strong data-start=\"736\" data-end=\"753\">EU-F\u00f6rderung:<\/strong> 2.160,00 \u20ac<\/p>\n<p data-start=\"698\" data-end=\"816\"><strong data-start=\"767\" data-end=\"790\" data-is-only-node=\"\">Umsetzungszeitraum:<\/strong> 09.02.2024 \u2013 07.02.2025<\/p>\n<h4 data-start=\"818\" data-end=\"881\"><\/h4>\n<p>&nbsp;<\/p>\n<h4 data-start=\"818\" data-end=\"881\">Finanziert von der Europ\u00e4ischen Union \u2013 NextGenerationEU<\/h4>\n<p data-start=\"883\" data-end=\"1187\" data-is-last-node=\"\" data-is-only-node=\"\">Die inhaltlichen Aussagen und Meinungen stammen ausschlie\u00dflich vom Autor und spiegeln nicht notwendigerweise die offiziellen Standpunkte der Europ\u00e4ischen Union oder der Europ\u00e4ischen Kommission wider. Weder die Europ\u00e4ische Union noch die Europ\u00e4ische Kommission k\u00f6nnen daf\u00fcr verantwortlich gemacht werden.<\/p>\n","protected":false},"excerpt":{"rendered":"<p>&nbsp; Projektname: Raftrek Travel Digitale Strategie 2024 \u2013 Social-Media-Management (Code: NPOO.C1.1.2.R3-I2.01-V2.1410) &nbsp; Name des Beg\u00fcnstigten: RAFTREK TRAVEL d.o.o. \u2013 Reiseb\u00fcro Projektzusammenfassung:Durch dieses Projekt m\u00f6chten wir die Pr\u00e4senz unseres Reiseb\u00fcros in den sozialen Medien optimieren, um die Sichtbarkeit des Unternehmens zu verbessern, die Zielgruppe besser einzubinden und ein st\u00e4rkeres Gesch\u00e4ftswachstum zu f\u00f6rdern. Durch die effektive Nutzung [&hellip;]<\/p>\n","protected":false},"author":13,"featured_media":0,"parent":0,"menu_order":0,"comment_status":"closed","ping_status":"closed","template":"","meta":{"_acf_changed":false,"footnotes":""},"class_list":["post-45525","page","type-page","status-publish","hentry"],"acf":[],"_links":{"self":[{"href":"https:\/\/raftrek.com\/de\/wp-json\/wp\/v2\/pages\/45525","targetHints":{"allow":["GET"]}}],"collection":[{"href":"https:\/\/raftrek.com\/de\/wp-json\/wp\/v2\/pages"}],"about":[{"href":"https:\/\/raftrek.com\/de\/wp-json\/wp\/v2\/types\/page"}],"author":[{"embeddable":true,"href":"https:\/\/raftrek.com\/de\/wp-json\/wp\/v2\/users\/13"}],"replies":[{"embeddable":true,"href":"https:\/\/raftrek.com\/de\/wp-json\/wp\/v2\/comments?post=45525"}],"version-history":[{"count":6,"href":"https:\/\/raftrek.com\/de\/wp-json\/wp\/v2\/pages\/45525\/revisions"}],"predecessor-version":[{"id":45547,"href":"https:\/\/raftrek.com\/de\/wp-json\/wp\/v2\/pages\/45525\/revisions\/45547"}],"wp:attachment":[{"href":"https:\/\/raftrek.com\/de\/wp-json\/wp\/v2\/media?parent=45525"}],"curies":[{"name":"wp","href":"https:\/\/api.w.org\/{rel}","templated":true}]}}