{"id":42867,"date":"2023-04-02T20:43:39","date_gmt":"2023-04-02T18:43:39","guid":{"rendered":"https:\/\/raftrek.com\/?page_id=42867"},"modified":"2024-03-29T11:20:58","modified_gmt":"2024-03-29T10:20:58","slug":"lernen-sie-kroatien-kennen","status":"publish","type":"page","link":"https:\/\/raftrek.com\/de\/lernen-sie-kroatien-kennen\/","title":{"rendered":"Lernen Sie Kroatien kennen"},"content":{"rendered":"<p>Lernen Sie Kroatien kennen! Lassen Sie uns etwas \u00fcber Abenteuer in Kroatien schreiben, \u00fcber unser wundersch\u00f6nes kleines Land f\u00fcr einen tollen Aktivurlaub.<\/p>\n<p>Lernen Sie das Abenteuer in Kroatien aus einem anderen Blickwinkel kennen, wo Berge und pannonische Ebene in einer einzigartigen Mischung aus nat\u00fcrlicher Sch\u00f6nheit zusammenkommen. Innerhalb von gut hundert Kilometern k\u00f6nnen Sie eine spannende Vielfalt unterschiedlicher Landschaften erleben. Kroatien liegt im S\u00fcden Mitteleuropas und ist mit allen Transportmitteln leicht zu erreichen: Flugzeug, Auto, Bus, Zug oder F\u00e4hrlinien aus den meisten L\u00e4ndern. Neben Ihren Lieblingsaktivit\u00e4ten im Freien werden Sie auch andere Dinge lieben.<\/p>\n<h4>Abenteuer in Kroatien sind f\u00fcr Reisende sicher<\/h4>\n<p><img decoding=\"async\" class=\"w-100\" src=\"https:\/\/raftrek.com\/wp-content\/uploads\/2023\/04\/Zagreb_008_St._Marks_church-1024x576-1.jpg\" alt=\"\"><\/p>\n<p><em>Kirche des Hl. Marko in Zagreb<\/em><\/p>\n<p>Mit dem Ende der feindseligen Kriegsaktivit\u00e4ten im Jahr 1996 wurde Kroatien wieder zu einem sehr sicheren Land f\u00fcr Reisende. Die niedrige Kriminalit\u00e4tsrate macht es zu einem der sichersten Orte f\u00fcr Besucher. Obwohl Kroatien ein kleines Land ist, verf\u00fcgt es \u00fcber eine reiche Vielfalt an wundersch\u00f6nen Landschaften und erhaltenen Naturgebieten von Bergen bis zu Ebenen, von Fl\u00fcssen bis zum Meer mit einer langen und reichen Geschichte.<\/p>\n<p>Kroatien ist voller gut erhaltener Altst\u00e4dte, Burgen, Pal\u00e4ste, Denkm\u00e4ler und einheimischer Architektur. Zusammen mit Tradition, Folklore, Kunstszenen und Musik ist Kroatien ein einzigartiger und exotischer Ort zum Entdecken. Die Industrie ist hier nicht gro\u00df und hat kaum Auswirkungen auf die Umwelt. Die Lebensmittel stammen gr\u00f6\u00dftenteils aus biologischem Anbau und das Trinkwasser ist von sehr guter Qualit\u00e4t. Sogar Wasser in Fl\u00fcssen und Brunnen ist trinkbar. Freundliche, lebenslustige Menschen und ihr lockerer Lebensstil werden Ihren Aufenthalt zu einem sehr angenehmen Erlebnis machen.<\/p>\n<p>&nbsp;<\/p>\n<p><img decoding=\"async\" class=\"w-100\" src=\"https:\/\/raftrek.com\/wp-content\/uploads\/2023\/04\/DTM_raft1-1024x576-1.jpg\" alt=\"\"><\/p>\n<p><em>Der Fluss Mre\u017enica in Kroatien<\/em><\/p>\n<h4><\/h4>\n<h4>Die Adriak\u00fcste ist zweifellos das beliebteste Touristenziel<\/h4>\n<p>Mit einer der gegliedertsten K\u00fcsten Europas und ihren 1.185 Inseln und Inselchen, von denen nur 66 bewohnt sind. Das kontinentale Kroatien ist jedoch auch voller Sch\u00f6nheit: Es ist ein Land mit W\u00e4ldern, fischreichen Fl\u00fcssen, schnellen Gebirgsb\u00e4chen und tiefen Schluchten von Gorski Kotar sowie den herrlichen Plitvicer Seen in Lika. Es ist ein Land mit goldenen Weizenfeldern, Eichenw\u00e4ldern und breiten Fl\u00fcssen in Slawonien und Baranja, ein Land mit malerischen kleinen D\u00f6rfern, romantischen Schl\u00f6ssern und Herrenh\u00e4usern sowie malerischen sanften H\u00fcgeln und Weinbergen des kroatischen Zagorje.<\/p>\n<p>Wir laden Sie ein, Kroatien, sein<a href=\"https:\/\/raftrek.com\/de\/das-wetter-in-kroatien\/\"> mildes Klima<\/a>, kristallklares, warmes Meerwasser, wundersch\u00f6ne Str\u00e4nde, unber\u00fchrte Natur, kombiniert mit reicher Geschichte und kulturellem Erbe, k\u00f6stlicher K\u00fcche und guten Weinen und vor allem herzlichen und freundlichen Menschen, zu entdecken und kennenzulernen.<\/p>\n<p><img decoding=\"async\" class=\"w-100\" src=\"https:\/\/raftrek.com\/wp-content\/uploads\/2023\/04\/Croatia-Tourist-Map-1.jpg\" alt=\"\"><\/p>\n<p><em>Kroatien-Touristenkarte<\/em><\/p>\n<p>&nbsp;<\/p>\n<h4>Einige allgemeine Fakten \u00fcber Kroatien:<\/h4>\n<ul>\n<li><strong>Standort:<\/strong> Mittel-\/S\u00fcdeuropa<\/li>\n<li><strong>Hauptstadt:<\/strong> Zagreb<\/li>\n<li><strong>Amtssprache:<\/strong> Kroatisch<\/li>\n<li><strong>Zugeh\u00f6rigkeit:<\/strong> EU- und NATO-Mitglied<\/li>\n<li><strong>Gr\u00f6\u00dfe:<\/strong> 56.594 km2<\/li>\n<li><strong>Bev\u00f6lkerung:<\/strong> 4.174.349<\/li>\n<li><strong>Zeitzone:<\/strong> UTC +1<\/li>\n<li><strong>F\u00e4hrt auf der:<\/strong> Rechts<\/li>\n<li><strong>Vorwahl:<\/strong>+385<\/li>\n<li><strong>W\u00e4hrung:<\/strong> Euro (EUR) ab 1. Januar 2023<\/li>\n<li><strong>Stromversorgung:<\/strong> 220 V \/ 50 Hz<\/li>\n<li><strong>Vorherrschende Religion:<\/strong> r\u00f6mischer Katholizismus<\/li>\n<\/ul>\n<h4>Notrufnummern:<\/h4>\n<ul>\n<li><strong>Suche und Rettung:<\/strong> 112<\/li>\n<li><strong>Polizei:<\/strong> 192<\/li>\n<li><strong>Feuerwehr:<\/strong> 193<\/li>\n<li><strong>Krankenwagen:<\/strong> 194<\/li>\n<\/ul>\n","protected":false},"excerpt":{"rendered":"<p>Lernen Sie Kroatien kennen! Lassen Sie uns etwas \u00fcber Abenteuer in Kroatien schreiben, \u00fcber unser wundersch\u00f6nes kleines Land f\u00fcr einen tollen Aktivurlaub. Lernen Sie das Abenteuer in Kroatien aus einem anderen Blickwinkel kennen, wo Berge und pannonische Ebene in einer einzigartigen Mischung aus nat\u00fcrlicher Sch\u00f6nheit zusammenkommen. Innerhalb von gut hundert Kilometern k\u00f6nnen Sie eine spannende [&hellip;]<\/p>\n","protected":false},"author":20,"featured_media":42567,"parent":0,"menu_order":11,"comment_status":"closed","ping_status":"closed","template":"","meta":{"_acf_changed":false,"footnotes":""},"class_list":["post-42867","page","type-page","status-publish","has-post-thumbnail","hentry"],"acf":[],"_links":{"self":[{"href":"https:\/\/raftrek.com\/de\/wp-json\/wp\/v2\/pages\/42867","targetHints":{"allow":["GET"]}}],"collection":[{"href":"https:\/\/raftrek.com\/de\/wp-json\/wp\/v2\/pages"}],"about":[{"href":"https:\/\/raftrek.com\/de\/wp-json\/wp\/v2\/types\/page"}],"author":[{"embeddable":true,"href":"https:\/\/raftrek.com\/de\/wp-json\/wp\/v2\/users\/20"}],"replies":[{"embeddable":true,"href":"https:\/\/raftrek.com\/de\/wp-json\/wp\/v2\/comments?post=42867"}],"version-history":[{"count":4,"href":"https:\/\/raftrek.com\/de\/wp-json\/wp\/v2\/pages\/42867\/revisions"}],"predecessor-version":[{"id":43052,"href":"https:\/\/raftrek.com\/de\/wp-json\/wp\/v2\/pages\/42867\/revisions\/43052"}],"wp:featuredmedia":[{"embeddable":true,"href":"https:\/\/raftrek.com\/de\/wp-json\/wp\/v2\/media\/42567"}],"wp:attachment":[{"href":"https:\/\/raftrek.com\/de\/wp-json\/wp\/v2\/media?parent=42867"}],"curies":[{"name":"wp","href":"https:\/\/api.w.org\/{rel}","templated":true}]}}