{"id":42864,"date":"2023-04-02T23:58:12","date_gmt":"2023-04-02T21:58:12","guid":{"rendered":"https:\/\/raftrek.com\/?page_id=42864"},"modified":"2024-03-15T14:43:20","modified_gmt":"2024-03-15T13:43:20","slug":"faq","status":"publish","type":"page","link":"https:\/\/raftrek.com\/de\/faq\/","title":{"rendered":"FAQs"},"content":{"rendered":"<p>Wir haben unsere FAQs zu Abenteuerreisen in Kroatien in Abschnitte unterteilt. Beginnend mit allgemeinen Fragen, dann folgen Fragen und Antworten zu Ausr\u00fcstung und Sicherheit, gefolgt von Fragen zur Buchung und Zahlung und abschlie\u00dfend finden Sie alle FAQs bez\u00fcglich unserer beiden beliebtesten Aktivit\u00e4ten &#8211; Kajakfahren und Rafting auf den Fl\u00fcssen Mre\u017enica und Zrmanja.<\/p>\n<hr \/>\n<h5>Sollten Sie in unseren FAQs zu Abenteuerreisen in Kroatien immer noch keine Antwort auf Ihre Frage gefunden haben, senden Sie uns bitte eine E-Mail.<\/h5>\n","protected":false},"excerpt":{"rendered":"<p>Wir haben unsere FAQs zu Abenteuerreisen in Kroatien in Abschnitte unterteilt. Beginnend mit allgemeinen Fragen, dann folgen Fragen und Antworten zu Ausr\u00fcstung und Sicherheit, gefolgt von Fragen zur Buchung und Zahlung und abschlie\u00dfend finden Sie alle FAQs bez\u00fcglich unserer beiden beliebtesten Aktivit\u00e4ten &#8211; Kajakfahren und Rafting auf den Fl\u00fcssen Mre\u017enica und Zrmanja. Sollten Sie in [&hellip;]<\/p>\n","protected":false},"author":20,"featured_media":0,"parent":0,"menu_order":8,"comment_status":"closed","ping_status":"closed","template":"","meta":{"_acf_changed":false,"footnotes":""},"class_list":["post-42864","page","type-page","status-publish","hentry"],"acf":[],"_links":{"self":[{"href":"https:\/\/raftrek.com\/de\/wp-json\/wp\/v2\/pages\/42864","targetHints":{"allow":["GET"]}}],"collection":[{"href":"https:\/\/raftrek.com\/de\/wp-json\/wp\/v2\/pages"}],"about":[{"href":"https:\/\/raftrek.com\/de\/wp-json\/wp\/v2\/types\/page"}],"author":[{"embeddable":true,"href":"https:\/\/raftrek.com\/de\/wp-json\/wp\/v2\/users\/20"}],"replies":[{"embeddable":true,"href":"https:\/\/raftrek.com\/de\/wp-json\/wp\/v2\/comments?post=42864"}],"version-history":[{"count":3,"href":"https:\/\/raftrek.com\/de\/wp-json\/wp\/v2\/pages\/42864\/revisions"}],"predecessor-version":[{"id":42931,"href":"https:\/\/raftrek.com\/de\/wp-json\/wp\/v2\/pages\/42864\/revisions\/42931"}],"wp:attachment":[{"href":"https:\/\/raftrek.com\/de\/wp-json\/wp\/v2\/media?parent=42864"}],"curies":[{"name":"wp","href":"https:\/\/api.w.org\/{rel}","templated":true}]}}