{"id":42858,"date":"2023-04-02T23:11:53","date_gmt":"2023-04-02T21:11:53","guid":{"rendered":"https:\/\/raftrek.com\/?page_id=42858"},"modified":"2024-03-15T12:59:03","modified_gmt":"2024-03-15T11:59:03","slug":"bevor-sie-gehen","status":"publish","type":"page","link":"https:\/\/raftrek.com\/de\/bevor-sie-gehen\/","title":{"rendered":"Vor der Reise"},"content":{"rendered":"<h4>Notwendige Informationen zu Abenteuertouren in Kroatien<\/h4>\n<p>Lesen Sie im folgenden Abschnitt die notwendigen Informationen zu den Kroatien-Abenteuertouren, bevor Sie losfahren. Jeder, der einen aktiven Lebensstil liebt und die Natur respektiert, ist willkommen. Vor diesem Hintergrund rufen wir unsere G\u00e4ste dazu auf, andere Gruppenmitglieder und deren Ansichten zu respektieren und lokale Traditionen sowie das historische, kulturelle und nat\u00fcrliche Erbe zu respektieren. Raftrek respektiert alle Unterschiede: Wir arbeiten nach dem Prinzip der Nichtdiskriminierung, unabh\u00e4ngig von Nationalit\u00e4t, Religion, Rasse, sexueller oder politischer Orientierung. Unsere G\u00e4ste kommen aus der ganzen Welt, daher besteht eine hohe Wahrscheinlichkeit, dass Sie Menschen unterschiedlicher Herkunft, Nationalit\u00e4t und Ansichten begegnen oder in derselben Gruppe sind.<\/p>\n<h4>Da Sie gerade dabei sind, Ihre Reise zu beginnen<\/h4>\n<p>Stellen Sie sicher, dass Sie alle notwendigen Informationen \u00fcber die Reise, die Sie unternehmen, erhalten haben. Das beinhaltet:<\/p>\n<ul>\n<li>\u00dcberpr\u00fcfen Sie das Ablaufdatum Ihres Reisepasses<\/li>\n<li>Wenden Sie sich an die kroatische Botschaft oder das kroatische Konsulat, um zu pr\u00fcfen, ob Sie ein Visum f\u00fcr Kroatien oder andere L\u00e4nder ben\u00f6tigen, die Sie besuchen werden<\/li>\n<li>Erwerb von Flugtickets oder anderen Transportmitteln nach Kroatien<\/li>\n<li>Drucken Sie Ihren Gutschein oder Zahlungsbeleg aus<\/li>\n<li>Planen Sie Ihre Reiseverpackung<\/li>\n<li>Hinzuf\u00fcgen unserer Kontaktinformationen zu Ihrem Telefon<\/li>\n<\/ul>\n<p>&nbsp;<\/p>\n<p><img decoding=\"async\" class=\"aligncenter w-100\" src=\"https:\/\/raftrek.com\/wp-content\/uploads\/2023\/04\/kamp-loziste-1024x576-1.jpg\" alt=\"\"><\/p>\n<p><em>Campingplatz<\/em><\/p>\n<p>&nbsp;<\/p>\n<h4>Notrufnummern<\/h4>\n<p>Sollten Sie Ihren Flug verpassen oder aus irgendeinem Grund nicht rechtzeitig anreisen k\u00f6nnen, wenden Sie sich bitte an:<\/p>\n<p><a href=\"https:\/\/raftrek.com\/de\/kontakt\/\">Raftrek Travel<\/a>,<br \/>\nO\u017eujska 5\/ 1. Stock<br \/>\n10 000 Zagreb, Kroatien<\/p>\n<p>Notfallnummer des Hauptb\u00fcros: <strong>+385 91 313 0010<\/strong> \/ E-Mail: <strong>info(at)raftrek.com<\/strong><\/p>\n<p>Sie k\u00f6nnen aus Sicherheitsgr\u00fcnden gerne die B\u00fcronummer und E-Mail-Adresse von Raftrek bei Ihrer Familie und Ihren Freunden hinterlassen. Wenn Sie sie aus irgendeinem Grund nicht erreichen k\u00f6nnen, sprechen Sie mit Ihren Guides. Wir sorgen dann daf\u00fcr, dass Sie sie kontaktieren k\u00f6nnen und versichern ihnen Ihre Sicherheit (und was f\u00fcr ein tolles Erlebnis Sie machen).<\/p>\n<h4>Reisedokumente<\/h4>\n<ul>\n<li>Reisepass<\/li>\n<\/ul>\n<p>Bitte \u00fcberpr\u00fcfen Sie das G\u00fcltigkeitsdatum Ihres Reisepasses. Am besten haben Sie eine Kopie der Titelseite (mit Ihrem Foto und Ihrer Passnummer) bei sich und bewahren diese an einem von Ihrem Reisepass getrennten Ort auf, f\u00fcr den Fall, dass Ihr Reisepass verloren geht oder gestohlen wird.<\/p>\n<ul>\n<li>Visa<\/li>\n<\/ul>\n<p>Erkundigen Sie sich, ob f\u00fcr eines der L\u00e4nder, die gem\u00e4\u00df dem ausgew\u00e4hlten Programm besucht werden sollen, ein Visum erforderlich ist. Der Reisende ist au\u00dferdem verpflichtet, selbst ein Visum f\u00fcr das betreffende Land zu besorgen. Raftrek Adventure Travel \u00fcbernimmt keine Verantwortung f\u00fcr Entscheidungen von Zollbeh\u00f6rden, Polizeibeh\u00f6rden oder anderen staatlichen Beh\u00f6rden, die dem Reisenden die Einreise in ein bestimmtes Land verbieten.<\/p>\n<ul>\n<li>Agenturrechnung<\/li>\n<\/ul>\n<p>Nachdem Sie Ihre Reise bezahlt haben, sendet Ihnen Ihr Ansprechpartner die Rechnung zu. Sollten Sie Ihre Rechnung aus irgendeinem Grund noch nicht erhalten haben, wenden Sie sich bitte an Ihren Buchungsagenten.<\/p>\n<h4>Informationen zur Fluggesellschaft<\/h4>\n<p>Bitte \u00fcberpr\u00fcfen Sie Ihre Flugtickets sorgf\u00e4ltig und best\u00e4tigen Sie Ihre internationalen Fl\u00fcge 72 Stunden im Voraus erneut. Bitte beachten Sie, dass Sie f\u00fcr Ihre internationalen Fl\u00fcge 3 Stunden vor dem geplanten Abflug einchecken sollten.<\/p>\n<p><em><img decoding=\"async\" class=\"aligncenter w-100\" src=\"https:\/\/raftrek.com\/wp-content\/uploads\/2023\/04\/Gacka-River-cycling-raftrek.jpg\" alt=\"\"><\/em><\/p>\n<p><em>Raftrek-Guides erkunden neue Radrouten um den Fluss Gacka.<\/em><\/p>\n<h4>Andere Transferm\u00f6glichkeiten<\/h4>\n<p>Wenn Sie mit dem Zug, Bus oder der F\u00e4hre anreisen, erwartet Sie nach Absprache mit Ihrem Raftrek-Buchungsagenten ein Transfer am F\u00e4hranleger, am Hauptbahnhof oder am Busbahnhof in Split oder Zadar. Bitte best\u00e4tigen Sie Ihre Ankunftszeit, nachdem Sie dieses Dokument erhalten haben.<\/p>\n<h4>Landesw\u00e4hrung<\/h4>\n<p>Die Landesw\u00e4hrung ist Euro. An einigen Stellen werden Geldautomaten zug\u00e4nglich sein, es ist jedoch empfehlenswert Bargeld mitzuhaben. F\u00fcr das Taschengeld (Mahlzeiten, Reisef\u00fchrer Trinkgeld, Snacks und Getr\u00e4nke) empfehlen wir eine Taschengeldpauschale von 200 \u20ac pro Person bei Mehrtagesausfl\u00fcgen und bis zu 50 \u20ac pro Person bei Tagesausfl\u00fcgen.<\/p>\n<p>Hier einige Beispiele lokaler Kosten (in Euro) zur Orientierung:<\/p>\n<ul>\n<li>Kaffee\/Tee (Restaurant): 2 \u20ac<\/li>\n<li>Saft (Restaurant): 2-2,5 \u20ac<\/li>\n<li>Snack-Mittagessen: 7 \u20ac<\/li>\n<li>Bier: 2-4 \u20ac<\/li>\n<li>Flasche Wein: 10 \u20ac<\/li>\n<li>Pizza (Restaurant): 7 \u20ac<\/li>\n<li>Abendessen (Restaurant): 20-25 \u20ac<\/li>\n<\/ul>\n<h4>Gep\u00e4ck<\/h4>\n<p>Viele Fluggesellschaften verlangen eine maximale Gewichtsbeschr\u00e4nkung von 23 kg. Bitte informieren Sie sich auf der Website Ihrer Fluggesellschaft \u00fcber Gewichts- und Gr\u00f6\u00dfenbeschr\u00e4nkungen f\u00fcr Ihr Gep\u00e4ck. F\u00fcr Ihren Komfort empfehlen wir Ihnen, so leicht wie m\u00f6glich zu reisen. Ein Hauptst\u00fcck, vorzugsweise eine weiche, verschlie\u00dfbare Tasche zur einfachen Handhabung, ein Rucksack oder eine Reisetasche w\u00e4ren am besten geeignet. Tagesrucksack \u2013 15 bis 20 Liter reichen aus.<\/p>\n<p>Die allgemeinen Dinge, die Sie f\u00fcr mehrt\u00e4gige Ausfl\u00fcge ben\u00f6tigen, sind bequeme und atmungsaktive Kleidung, austauschbar und waschbar (Baumwollhemden und T-Shirts), Sportbekleidung (Shorts oder Strumpfhosen), bequeme, leichte Schuhe und Socken f\u00fcr Outdoor-Sportaktivit\u00e4ten, Sonnenhut, Sonnenbrille, leichter Regenmantel und warme Kleidung (Sweatshirt oder Trainingsanzug), da es abends auf einem Boot oder am Meer k\u00fchl sein kann. Vergessen Sie nicht bequeme Nachtw\u00e4sche und pers\u00f6nliche Hygieneartikel.<\/p>\n<p><img decoding=\"async\" class=\"aligncenter w-100\" src=\"https:\/\/raftrek.com\/wp-content\/uploads\/2023\/04\/DSC_0116.jpg\" alt=\"\"><\/p>\n<p><em>Kajak Saisoner\u00f6ffnung<\/em><\/p>\n<p>&nbsp;<\/p>\n<h4>Ausr\u00fcstungsliste<\/h4>\n<p>Diese Ausr\u00fcstungsliste soll Ihnen bei der Auswahl Ihrer Ausr\u00fcstung f\u00fcr die Reise helfen. Versuchen Sie, nur das N\u00f6tigste mitzubringen, das wird Ihnen und den Au\u00dfendienstmitarbeitern helfen. Zus\u00e4tzlich zu Ihrer \u00fcblichen Kleidung sollten Sie dar\u00fcber nachdenken, einige andere Gegenst\u00e4nde mitzubringen, die Ihre Aktivit\u00e4ten angenehmer machen. Die erforderliche Ausr\u00fcstung zum Paddeln wird bereitgestellt. Obligatorische Ausr\u00fcstung f\u00fcr bestimmte T\u00e4tigkeiten:<\/p>\n<p><strong>Kajakfahren:<\/strong><\/p>\n<ul>\n<li>Wasserhemd<\/li>\n<li>Wasserdichte Tasche<\/li>\n<li>Handy-Schutzh\u00fclle<\/li>\n<li>Sonnenbrille<\/li>\n<li>Sonnencreme<\/li>\n<li>Leichte Regenjacke<\/li>\n<li>Wasserschuhe (steife Sohle)<\/li>\n<\/ul>\n<p><strong>Wandern:<\/strong><\/p>\n<ul>\n<li>Leichte Wanderschuhe<\/li>\n<li>Bequemer Tagesrucksack oder Rucksack zum Wandern<\/li>\n<li>Leichte Regenjacke<\/li>\n<li>Sonnencreme<\/li>\n<li>Wasserflasche \/ Trinkrucksack<\/li>\n<\/ul>\n<p><strong>Radfahren:<\/strong><\/p>\n<ul>\n<li>Leichte Fahrradschuhe<\/li>\n<li>Sonnenbrille<\/li>\n<li>Sonnencreme<\/li>\n<li>Wasserflasche \/ Trinkrucksack<\/li>\n<\/ul>\n<p><strong>Reisezubeh\u00f6r:<\/strong><\/p>\n<ul>\n<li>Wasserflasche oder Trinkrucksack<\/li>\n<li>Sonnenbrille<\/li>\n<li>Sonnencreme und Lippenbalsam<\/li>\n<li>Pers\u00f6nlicher Erste-Hilfe-Kasten<\/li>\n<li>Kleiner Rucksack<\/li>\n<li>Packsack<\/li>\n<\/ul>\n<p><strong>Optionales Zubeh\u00f6r:<\/strong><\/p>\n<ul>\n<li>Kamera (wasserdicht oder mit wasserdichter Tasche), Film\/Speicherkarten und Ersatzbatterien<\/li>\n<\/ul>\n<h4>Versicherung<\/h4>\n<p>Es empfiehlt sich, eine Reiseversicherung abzuschlie\u00dfen. Alle unsere G\u00e4ste sind durch unsere \u00f6rtliche Versicherungsgesellschaft versichert. Mit einer Police, die Unf\u00e4lle unterwegs abdeckt. Dar\u00fcber hinaus kann Raftrek diese Geb\u00fchren nicht \u00fcbernehmen, wenn Sie w\u00e4hrend der Reise medizinische Hilfe oder Evakuierungshilfe ben\u00f6tigen.<\/p>\n<h4>Raftrek-Guides<\/h4>\n<p>Sie werden von jungen, erfahrenen und lizenzierten Mitgliedern unseres Teams gef\u00fchrt und aufgrund dieser Eigenschaften werden Ihre Guides stets sicherheitsbewusst agieren. Alle unsere Guides sprechen flie\u00dfend Englisch. Treffen Sie Ihren Reiseleiter und Ihre Reiseleiter in der Lobby des Flughafens. Der Reiseleiter erh\u00e4lt ein RAFTREK-Schild. In manchen F\u00e4llen werden Sie von unserem Fahrer begr\u00fc\u00dft und treffen Ihren Reiseleiter, wenn Sie im Hotel ankommen. Nachdem Sie sich in Ihrer Unterkunft eingelebt haben, haben Sie Zeit, den Rest der Gruppe kennenzulernen und eine Einf\u00fchrungsbesprechung zu erhalten.<\/p>\n<p>&nbsp;<\/p>\n<p><img decoding=\"async\" class=\"aligncenter w-100\" src=\"https:\/\/raftrek.com\/wp-content\/uploads\/2023\/04\/Raftrek-guides.jpg\" alt=\"\"><\/p>\n<p><em>Raftrek-Guides w\u00e4rmen sich auf<\/em><\/p>\n<p>&nbsp;<\/p>\n<h4>Aktivit\u00e4tslevel<\/h4>\n<p>Reisen sind f\u00fcr flexible, energiegeladene Menschen konzipiert, die gerne aktiv sind, Abenteuerlust haben und eine positive Einstellung haben. Unser Tagesprogramm ist eine Kombination aus Kajakfahren, Wandern, Schwimmen, Besichtigungen und Erkundungen. Sie k\u00f6nnen damit rechnen, etwa 10 Meilen pro Tag (vier Stunden) zu paddeln, aber unser Zeitplan ist stark vom Wetter abh\u00e4ngig. Vorkenntnisse im Kajakfahren werden empfohlen, sind aber nicht erforderlich. Meistens besteht die M\u00f6glichkeit, in den Begleitwagen zu springen, wenn man beim Radfahren m\u00fcde ist.<\/p>\n<p>Wenn Sie weitere Fragen zu den ben\u00f6tigten Informationen zu den Abenteuertouren in Kroatien haben, k\u00f6nnen Sie sich gerne an unser B\u00fcro wenden. Wir freuen uns \u00fcber Ihre Kommentare. Nehmen Sie sich daher bitte ein paar Minuten Zeit, um den Reisefragebogen auszuf\u00fcllen, den Sie am Ende der Reise von Ihrem Reiseleiter erhalten, oder senden Sie uns Ihre Kommentare per E-Mail.<\/p>\n<h4>Das Raftrek-Team w\u00fcnscht Ihnen ein wundervolles Abenteuer!<\/h4>\n<p>&nbsp;<\/p>\n<p>&nbsp;<\/p>\n","protected":false},"excerpt":{"rendered":"<p>Notwendige Informationen zu Abenteuertouren in Kroatien Lesen Sie im folgenden Abschnitt die notwendigen Informationen zu den Kroatien-Abenteuertouren, bevor Sie losfahren. Jeder, der einen aktiven Lebensstil liebt und die Natur respektiert, ist willkommen. Vor diesem Hintergrund rufen wir unsere G\u00e4ste dazu auf, andere Gruppenmitglieder und deren Ansichten zu respektieren und lokale Traditionen sowie das historische, kulturelle [&hellip;]<\/p>\n","protected":false},"author":20,"featured_media":42862,"parent":0,"menu_order":5,"comment_status":"closed","ping_status":"closed","template":"","meta":{"_acf_changed":false,"footnotes":""},"class_list":["post-42858","page","type-page","status-publish","has-post-thumbnail","hentry"],"acf":[],"_links":{"self":[{"href":"https:\/\/raftrek.com\/de\/wp-json\/wp\/v2\/pages\/42858","targetHints":{"allow":["GET"]}}],"collection":[{"href":"https:\/\/raftrek.com\/de\/wp-json\/wp\/v2\/pages"}],"about":[{"href":"https:\/\/raftrek.com\/de\/wp-json\/wp\/v2\/types\/page"}],"author":[{"embeddable":true,"href":"https:\/\/raftrek.com\/de\/wp-json\/wp\/v2\/users\/20"}],"replies":[{"embeddable":true,"href":"https:\/\/raftrek.com\/de\/wp-json\/wp\/v2\/comments?post=42858"}],"version-history":[{"count":3,"href":"https:\/\/raftrek.com\/de\/wp-json\/wp\/v2\/pages\/42858\/revisions"}],"predecessor-version":[{"id":42926,"href":"https:\/\/raftrek.com\/de\/wp-json\/wp\/v2\/pages\/42858\/revisions\/42926"}],"wp:featuredmedia":[{"embeddable":true,"href":"https:\/\/raftrek.com\/de\/wp-json\/wp\/v2\/media\/42862"}],"wp:attachment":[{"href":"https:\/\/raftrek.com\/de\/wp-json\/wp\/v2\/media?parent=42858"}],"curies":[{"name":"wp","href":"https:\/\/api.w.org\/{rel}","templated":true}]}}