{"id":42847,"date":"2023-04-02T20:37:22","date_gmt":"2023-04-02T18:37:22","guid":{"rendered":"https:\/\/raftrek.com\/?page_id=42847"},"modified":"2024-03-14T17:00:21","modified_gmt":"2024-03-14T16:00:21","slug":"raftrek-guides","status":"publish","type":"page","link":"https:\/\/raftrek.com\/de\/about-raftrek-adventure-travel\/raftrek-guides\/","title":{"rendered":"Raftrek Guides"},"content":{"rendered":"<p>Der Job als Raftrek-Guide ist mehr wie ein Lebensstil, er bietet mehr als nur den Job selbst. Der Job als Abenteuerf\u00fchrer umfasst die Arbeit an Zielen abseits der ausgetretenen Pfade, an Fl\u00fcssen, Bergen, Schluchten, am Meer und auf den Inseln. Wir haben das beste B\u00fcro!<\/p>\n<p>Unsere Hauptaufgabe besteht darin, unsere G\u00e4ste sicher durch die Aktivit\u00e4ten zu f\u00fchren, und Animation ist ein entscheidender Teil davon. Wir versuchen, unseren G\u00e4sten das Gef\u00fchl zu geben, zu Hause zu sein, w\u00e4hrend sie mehr \u00fcber Kroatien und unser Erbe erfahren. Unsere Nebenaufgabe besteht darin, zu entspannen, zu genie\u00dfen, zu campen, zu grillen und zu erkunden \u2026<\/p>\n<p>Wer sind Raftrek-Guides?<\/p>\n<p>Der ideale Abenteuerf\u00fchrer ist ein Natur- und Outdoor-Liebhaber, der einen aktiven Lebensstil pflegt und Menschen liebt. Alle unsere Guides sprechen mindestens eine zweite Sprache und sind alle sportlich und sehr verantwortungsbewusst. Auch diese Arbeit wird im sch\u00f6nsten B\u00fcro der Welt erledigt \u2013 an den Fl\u00fcssen, in den Natur- und Nationalparks, manchmal auf den Inseln oder im Wald.<\/p>\n<p>Was machen wir eigentlich?<\/p>\n<p>Wir haben einige St\u00fctzpunkte in Kroatien und unsere Guides sind entweder auf den jeweiligen Fluss spezialisiert \u2013 oder auf mehrt\u00e4gige Abenteuer und ma\u00dfgeschneiderte Touren. Jeder Guide muss eine interne Schulung absolvieren, bevor er mit der Arbeit beginnt. Nach dem ersten Jahr der Praxis wird allen, die sich daf\u00fcr qualifizieren, die M\u00f6glichkeit geboten, sich f\u00fcr das River Rescue-Programm anzumelden, um im Unternehmen voranzukommen und Lizenzen zu erhalten. Dar\u00fcber hinaus m\u00fcssen alle unsere Guides einen Erste-Hilfe-Kurs absolvieren und alle zus\u00e4tzlichen Sicherheitskurse werden sehr gesch\u00e4tzt.<\/p>\n<p>Job als Raftrek-Guide<\/p>\n<p>Wenn Sie auf der Suche nach einem Saisonjob sind und lieber im Freien arbeiten, kontaktieren Sie uns unter natjecaj(at)raftrek.com! Wir haben jedes Jahr von Februar bis April, wenn wir mit den Schulungen beginnen, offene Stellen. Au\u00dferhalb dieses Zeitraums k\u00f6nnen Sie uns gerne eine E-Mail schreiben. Wir werden uns dann mit weiteren Informationen bei Ihnen melden.<\/p>\n","protected":false},"excerpt":{"rendered":"<p>Der Job als Raftrek-Guide ist mehr wie ein Lebensstil, er bietet mehr als nur den Job selbst. Der Job als Abenteuerf\u00fchrer umfasst die Arbeit an Zielen abseits der ausgetretenen Pfade, an Fl\u00fcssen, Bergen, Schluchten, am Meer und auf den Inseln. Wir haben das beste B\u00fcro! Unsere Hauptaufgabe besteht darin, unsere G\u00e4ste sicher durch die Aktivit\u00e4ten [&hellip;]<\/p>\n","protected":false},"author":20,"featured_media":42851,"parent":41145,"menu_order":32,"comment_status":"closed","ping_status":"closed","template":"page-team.php","meta":{"_acf_changed":false,"footnotes":""},"class_list":["post-42847","page","type-page","status-publish","has-post-thumbnail","hentry"],"acf":[],"_links":{"self":[{"href":"https:\/\/raftrek.com\/de\/wp-json\/wp\/v2\/pages\/42847","targetHints":{"allow":["GET"]}}],"collection":[{"href":"https:\/\/raftrek.com\/de\/wp-json\/wp\/v2\/pages"}],"about":[{"href":"https:\/\/raftrek.com\/de\/wp-json\/wp\/v2\/types\/page"}],"author":[{"embeddable":true,"href":"https:\/\/raftrek.com\/de\/wp-json\/wp\/v2\/users\/20"}],"replies":[{"embeddable":true,"href":"https:\/\/raftrek.com\/de\/wp-json\/wp\/v2\/comments?post=42847"}],"version-history":[{"count":1,"href":"https:\/\/raftrek.com\/de\/wp-json\/wp\/v2\/pages\/42847\/revisions"}],"predecessor-version":[{"id":42852,"href":"https:\/\/raftrek.com\/de\/wp-json\/wp\/v2\/pages\/42847\/revisions\/42852"}],"up":[{"embeddable":true,"href":"https:\/\/raftrek.com\/de\/wp-json\/wp\/v2\/pages\/41145"}],"wp:featuredmedia":[{"embeddable":true,"href":"https:\/\/raftrek.com\/de\/wp-json\/wp\/v2\/media\/42851"}],"wp:attachment":[{"href":"https:\/\/raftrek.com\/de\/wp-json\/wp\/v2\/media?parent=42847"}],"curies":[{"name":"wp","href":"https:\/\/api.w.org\/{rel}","templated":true}]}}