{"id":42180,"date":"2023-04-07T20:56:24","date_gmt":"2023-04-07T18:56:24","guid":{"rendered":"https:\/\/raftrek.com\/?page_id=42180"},"modified":"2024-03-12T17:16:33","modified_gmt":"2024-03-12T16:16:33","slug":"individuelle-reisen","status":"publish","type":"page","link":"https:\/\/raftrek.com\/de\/individuelle-reisen\/","title":{"rendered":"Gestalten Sie Ihr perfektes Abenteuer"},"content":{"rendered":"<p>Ganz gleich, ob Sie Kinder haben, bei einem extremen Abenteuer mit Freunden G\u00e4nsehaut erleben m\u00f6chten oder Ihre Kunden beeindrucken wollen, das Team von Raftrek Adventure Travel Croatia wird genau das Richtige f\u00fcr Sie finden &#8230;<\/p>\n","protected":false},"excerpt":{"rendered":"<p>Ganz gleich, ob Sie Kinder haben, bei einem extremen Abenteuer mit Freunden G\u00e4nsehaut erleben m\u00f6chten oder Ihre Kunden beeindrucken wollen, das Team von Raftrek Adventure Travel Croatia wird genau das Richtige f\u00fcr Sie finden &#8230;<\/p>\n","protected":false},"author":20,"featured_media":42181,"parent":0,"menu_order":7,"comment_status":"closed","ping_status":"closed","template":"page-customtrip.php","meta":{"_acf_changed":false,"footnotes":""},"class_list":["post-42180","page","type-page","status-publish","has-post-thumbnail","hentry"],"acf":[],"_links":{"self":[{"href":"https:\/\/raftrek.com\/de\/wp-json\/wp\/v2\/pages\/42180","targetHints":{"allow":["GET"]}}],"collection":[{"href":"https:\/\/raftrek.com\/de\/wp-json\/wp\/v2\/pages"}],"about":[{"href":"https:\/\/raftrek.com\/de\/wp-json\/wp\/v2\/types\/page"}],"author":[{"embeddable":true,"href":"https:\/\/raftrek.com\/de\/wp-json\/wp\/v2\/users\/20"}],"replies":[{"embeddable":true,"href":"https:\/\/raftrek.com\/de\/wp-json\/wp\/v2\/comments?post=42180"}],"version-history":[{"count":2,"href":"https:\/\/raftrek.com\/de\/wp-json\/wp\/v2\/pages\/42180\/revisions"}],"predecessor-version":[{"id":42185,"href":"https:\/\/raftrek.com\/de\/wp-json\/wp\/v2\/pages\/42180\/revisions\/42185"}],"wp:featuredmedia":[{"embeddable":true,"href":"https:\/\/raftrek.com\/de\/wp-json\/wp\/v2\/media\/42181"}],"wp:attachment":[{"href":"https:\/\/raftrek.com\/de\/wp-json\/wp\/v2\/media?parent=42180"}],"curies":[{"name":"wp","href":"https:\/\/api.w.org\/{rel}","templated":true}]}}