{"id":42157,"date":"2023-04-03T00:12:18","date_gmt":"2023-04-02T22:12:18","guid":{"rendered":"https:\/\/raftrek.com\/?page_id=42157"},"modified":"2025-03-18T12:20:06","modified_gmt":"2025-03-18T11:20:06","slug":"kontakt","status":"publish","type":"page","link":"https:\/\/raftrek.com\/de\/kontakt\/","title":{"rendered":"Kontakt"},"content":{"rendered":"<p>&nbsp;<\/p>\n<p>Kontaktieren Sie das Raftrek-Team f\u00fcr weitere Informationen zu Abenteuerurlauben in Kroatien. Gerne stellen wir Ihnen alle ben\u00f6tigten Informationen zur Verf\u00fcgung, also z\u00f6gern Sie nicht, uns zu kontaktieren. Sie k\u00f6nnen uns jederzeit anrufen, eine E-Mail senden oder eine Nachricht auf unserer Webseite hinterlassen.<\/p>\n<p>Jede Reise beginnt mit der Kontaktaufnahme mit einem oder einer unserer MitarbeiterInnen. Wenn Sie eine E-Mail senden oder anrufen, erhalten Sie aus erster Hand Informationen zu Ihrer Reise oder Ihrem Ausflug. Sie k\u00f6nnen sich gewiss sein, dass wir all unsere Erfahrung und Liebe zum Detail aufwenden um Ihnen ein unvergessliches Erlebnis zu gestalten.<\/p>\n<p><strong>Z\u00f6gern Sie nicht unser Raftrek-Team zu kontaktieren.<\/strong><\/p>\n","protected":false},"excerpt":{"rendered":"<p>&nbsp; Kontaktieren Sie das Raftrek-Team f\u00fcr weitere Informationen zu Abenteuerurlauben in Kroatien. Gerne stellen wir Ihnen alle ben\u00f6tigten Informationen zur Verf\u00fcgung, also z\u00f6gern Sie nicht, uns zu kontaktieren. Sie k\u00f6nnen uns jederzeit anrufen, eine E-Mail senden oder eine Nachricht auf unserer Webseite hinterlassen. Jede Reise beginnt mit der Kontaktaufnahme mit einem oder einer unserer MitarbeiterInnen. [&hellip;]<\/p>\n","protected":false},"author":20,"featured_media":42158,"parent":0,"menu_order":6,"comment_status":"closed","ping_status":"closed","template":"page-kontakt.php","meta":{"_acf_changed":false,"footnotes":""},"class_list":["post-42157","page","type-page","status-publish","has-post-thumbnail","hentry"],"acf":[],"_links":{"self":[{"href":"https:\/\/raftrek.com\/de\/wp-json\/wp\/v2\/pages\/42157","targetHints":{"allow":["GET"]}}],"collection":[{"href":"https:\/\/raftrek.com\/de\/wp-json\/wp\/v2\/pages"}],"about":[{"href":"https:\/\/raftrek.com\/de\/wp-json\/wp\/v2\/types\/page"}],"author":[{"embeddable":true,"href":"https:\/\/raftrek.com\/de\/wp-json\/wp\/v2\/users\/20"}],"replies":[{"embeddable":true,"href":"https:\/\/raftrek.com\/de\/wp-json\/wp\/v2\/comments?post=42157"}],"version-history":[{"count":5,"href":"https:\/\/raftrek.com\/de\/wp-json\/wp\/v2\/pages\/42157\/revisions"}],"predecessor-version":[{"id":45643,"href":"https:\/\/raftrek.com\/de\/wp-json\/wp\/v2\/pages\/42157\/revisions\/45643"}],"wp:featuredmedia":[{"embeddable":true,"href":"https:\/\/raftrek.com\/de\/wp-json\/wp\/v2\/media\/42158"}],"wp:attachment":[{"href":"https:\/\/raftrek.com\/de\/wp-json\/wp\/v2\/media?parent=42157"}],"curies":[{"name":"wp","href":"https:\/\/api.w.org\/{rel}","templated":true}]}}