{"id":41292,"date":"2023-04-02T20:06:16","date_gmt":"2023-04-02T18:06:16","guid":{"rendered":"https:\/\/raftrek.com\/?page_id=41292"},"modified":"2025-07-17T17:05:35","modified_gmt":"2025-07-17T15:05:35","slug":"raftrek-team","status":"publish","type":"page","link":"https:\/\/raftrek.com\/de\/about-raftrek-adventure-travel\/raftrek-team\/","title":{"rendered":"Das Raftrek Adventure Team"},"content":{"rendered":"<h1>Manche nennen es Arbeit, f\u00fcr uns ist es eine Berufung.<\/h1>\n<p>Die Mitglieder des Raftrek Adventure Travel Teams sind Enthusiasten in allem, was sie machen und Experten in den unterschiedlichsten Bereichen. In den Bereichen Computer und Kommunikation, Marketing und \u00d6kologie, Tourismus und Outdoor-Sport verbindet uns die Leidenschaft f\u00fcr die Natur, das Reisen und der Respekt vor der Umwelt. Folgen Sie dem Raftrek Adventure Travel Team abseits der ausgetretenen Pfade und Sie werden das Unerwartete entdecken. Sie tauchen in verschiedene Regionen ein, deren Zugang nur ortsans\u00e4ssigen Reisef\u00fchrern m\u00f6glich ist. Das Team von Raftrek teilt eine tolle Mischung aus Hintergr\u00fcnden und Interessen, von langj\u00e4hrigen Wildwasserruderern, Rafting-Lehrern, Wanderern und Trekkern, Kletterern, Bikern, Ski- und Snowboardliebhabern bis hin zu Kunst- und Geschichtsbegeisterten, Kontrollfreaks und Feinschmeckern. Hervorragende soziale Kompetenz, verantwortungsvolle Planung, Vorbereitung und Durchf\u00fchrung von Aktivit\u00e4ten, Geduld und das Talent, lokales Wissen weiterzugeben, machen uns zu den Besten.<\/p>\n<h2>Lernen Sie das Raftrek Adventure Team kennen<\/h2>\n<p>Jede Raftrek-Reise beginnt mit der Kontaktaufnahme mit einem unserer Mitarbeiter. Wenn Sie eine E-Mail senden oder anrufen, erhalten Sie Informationen aus erster Hand \u00fcber Ihre Reise. Wir sind erfahren im Reisen, beherrschen die Ortskenntnisse und sind bestens ausgebildet. Wir lassen Sie Natursch\u00f6nheiten, lokale Kultur und die Geschichte des Ortes entdecken. Unsere Teammitglieder nehmen regelm\u00e4\u00dfig an Erste-Hilfe-Kursen und Seminaren zu Sicherheitsvorkehrungen f\u00fcr verschiedene Arten von Aktivit\u00e4ten teil. Die meisten Raftrek Adventure Travel Guides verf\u00fcgen auch \u00fcber eine IRF-Lizenz (International Rafting Federation) f\u00fcr verschiedene Wildwasserniveaus. Deshalb m\u00fcssen Sie sich nur entspannen und Spa\u00df haben, denn Sie sind in sicheren H\u00e4nden!<\/p>\n","protected":false},"excerpt":{"rendered":"<p>Manche nennen es Arbeit, f\u00fcr uns ist es eine Berufung. Die Mitglieder des Raftrek Adventure Travel Teams sind Enthusiasten in allem, was sie machen und Experten in den unterschiedlichsten Bereichen. In den Bereichen Computer und Kommunikation, Marketing und \u00d6kologie, Tourismus und Outdoor-Sport verbindet uns die Leidenschaft f\u00fcr die Natur, das Reisen und der Respekt vor [&hellip;]<\/p>\n","protected":false},"author":20,"featured_media":46641,"parent":41145,"menu_order":26,"comment_status":"closed","ping_status":"closed","template":"page-team.php","meta":{"_acf_changed":false,"footnotes":""},"class_list":["post-41292","page","type-page","status-publish","has-post-thumbnail","hentry"],"acf":[],"_links":{"self":[{"href":"https:\/\/raftrek.com\/de\/wp-json\/wp\/v2\/pages\/41292","targetHints":{"allow":["GET"]}}],"collection":[{"href":"https:\/\/raftrek.com\/de\/wp-json\/wp\/v2\/pages"}],"about":[{"href":"https:\/\/raftrek.com\/de\/wp-json\/wp\/v2\/types\/page"}],"author":[{"embeddable":true,"href":"https:\/\/raftrek.com\/de\/wp-json\/wp\/v2\/users\/20"}],"replies":[{"embeddable":true,"href":"https:\/\/raftrek.com\/de\/wp-json\/wp\/v2\/comments?post=41292"}],"version-history":[{"count":4,"href":"https:\/\/raftrek.com\/de\/wp-json\/wp\/v2\/pages\/41292\/revisions"}],"predecessor-version":[{"id":42846,"href":"https:\/\/raftrek.com\/de\/wp-json\/wp\/v2\/pages\/41292\/revisions\/42846"}],"up":[{"embeddable":true,"href":"https:\/\/raftrek.com\/de\/wp-json\/wp\/v2\/pages\/41145"}],"wp:featuredmedia":[{"embeddable":true,"href":"https:\/\/raftrek.com\/de\/wp-json\/wp\/v2\/media\/46641"}],"wp:attachment":[{"href":"https:\/\/raftrek.com\/de\/wp-json\/wp\/v2\/media?parent=41292"}],"curies":[{"name":"wp","href":"https:\/\/api.w.org\/{rel}","templated":true}]}}